{"id":779,"date":"2018-04-16T11:23:52","date_gmt":"2018-04-16T09:23:52","guid":{"rendered":"https:\/\/tcrwharen.de\/?page_id=779"},"modified":"2023-02-06T12:54:07","modified_gmt":"2023-02-06T11:54:07","slug":"verein","status":"publish","type":"page","link":"https:\/\/tcrwharen.de\/","title":{"rendered":"Verein"},"content":{"rendered":"<section class=\"l-section wpb_row height_auto width_full\"><div class=\"l-section-h i-cf\"><div class=\"g-cols vc_row via_grid cols_1 laptops-cols_inherit tablets-cols_inherit mobiles-cols_1 valign_top type_default stacking_default\"><div class=\"wpb_column vc_column_container\"><div class=\"vc_column-inner\"><div class=\"w-slider style_none fit_cover\"><div class=\"w-slider-h\"><div class=\"royalSlider\"><div class=\"rsContent\"><a class=\"rsImg\" data-rsw=\"1200\" data-rsh=\"400\" href=\"https:\/\/tcrwharen.de\/wp-content\/uploads\/2018\/04\/1-3.jpg\"><span data-alt=\"\"><\/span><\/a><div class=\"rsABlock\" data-fadeEffect=\"false\" data-moveEffect=\"none\"><div class=\"w-slider-item-title\">1<\/div><\/div><\/div><div class=\"rsContent\"><a class=\"rsImg\" data-rsw=\"1200\" data-rsh=\"400\" href=\"https:\/\/tcrwharen.de\/wp-content\/uploads\/2018\/04\/2-4.jpg\"><span data-alt=\"\"><\/span><\/a><div class=\"rsABlock\" data-fadeEffect=\"false\" data-moveEffect=\"none\"><div class=\"w-slider-item-title\">2<\/div><\/div><\/div><div class=\"rsContent\"><a class=\"rsImg\" data-rsw=\"1200\" data-rsh=\"400\" href=\"https:\/\/tcrwharen.de\/wp-content\/uploads\/2018\/04\/3-4.jpg\"><span data-alt=\"\"><\/span><\/a><div class=\"rsABlock\" data-fadeEffect=\"false\" data-moveEffect=\"none\"><div class=\"w-slider-item-title\">3<\/div><\/div><\/div><div class=\"rsContent\"><a class=\"rsImg\" data-rsw=\"1200\" data-rsh=\"400\" href=\"https:\/\/tcrwharen.de\/wp-content\/uploads\/2018\/04\/4-1.jpg\"><span data-alt=\"\"><\/span><\/a><div class=\"rsABlock\" data-fadeEffect=\"false\" data-moveEffect=\"none\"><div class=\"w-slider-item-title\">4<\/div><\/div><\/div><div class=\"rsContent\"><a class=\"rsImg\" data-rsw=\"1195\" data-rsh=\"400\" href=\"https:\/\/tcrwharen.de\/wp-content\/uploads\/2018\/04\/5.jpg\"><span data-alt=\"\"><\/span><\/a><div class=\"rsABlock\" data-fadeEffect=\"false\" data-moveEffect=\"none\"><div class=\"w-slider-item-title\">5<\/div><\/div><\/div><div class=\"rsContent\"><a class=\"rsImg\" data-rsw=\"1200\" data-rsh=\"400\" href=\"https:\/\/tcrwharen.de\/wp-content\/uploads\/2018\/04\/6.jpg\"><span data-alt=\"\"><\/span><\/a><div class=\"rsABlock\" data-fadeEffect=\"false\" data-moveEffect=\"none\"><div class=\"w-slider-item-title\">6<\/div><\/div><\/div><\/div><img decoding=\"async\" src=\"https:\/\/tcrwharen.de\/wp-content\/uploads\/2018\/04\/1-3.jpg\" width=\"1200\" height=\"400\" alt loading=\"lazy\"><\/div><div class=\"w-slider-json\" onclick='return {&quot;loop&quot;:true,&quot;fadeInLoadedSlide&quot;:false,&quot;slidesSpacing&quot;:0,&quot;imageScalePadding&quot;:0,&quot;numImagesToPreload&quot;:2,&quot;arrowsNav&quot;:true,&quot;arrowsNavAutoHide&quot;:false,&quot;transitionType&quot;:&quot;move&quot;,&quot;transitionSpeed&quot;:250,&quot;block&quot;:{&quot;moveEffect&quot;:&quot;none&quot;,&quot;speed&quot;:300},&quot;controlNavigation&quot;:&quot;none&quot;,&quot;autoplay&quot;:{&quot;enabled&quot;:true,&quot;pauseOnHover&quot;:true,&quot;delay&quot;:3000},&quot;imageScaleMode&quot;:&quot;fill&quot;,&quot;autoScaleSlider&quot;:true,&quot;autoScaleSliderWidth&quot;:1200,&quot;autoScaleSliderHeight&quot;:400,&quot;fitInViewport&quot;:false}'><\/div><\/div><\/div><\/div><\/div><\/div><\/section><section class=\"l-section wpb_row height_medium\"><div class=\"l-section-h i-cf\"><div class=\"g-cols vc_row via_grid cols_1-3 laptops-cols_inherit tablets-cols_inherit mobiles-cols_1 valign_top type_default stacking_default\"><div class=\"wpb_column vc_column_container\"><div class=\"vc_column-inner\"><div class=\"w-image align_none\"><div class=\"w-image-h\"><img loading=\"lazy\" decoding=\"async\" width=\"944\" height=\"944\" src=\"https:\/\/tcrwharen.de\/wp-content\/uploads\/2020\/01\/2019_TC-Rot-Wei\u00df-Haren_Logo-Kreis.jpg\" class=\"attachment-large size-large\" alt=\"\" srcset=\"https:\/\/tcrwharen.de\/wp-content\/uploads\/2020\/01\/2019_TC-Rot-Wei\u00df-Haren_Logo-Kreis.jpg 944w, https:\/\/tcrwharen.de\/wp-content\/uploads\/2020\/01\/2019_TC-Rot-Wei\u00df-Haren_Logo-Kreis-150x150.jpg 150w, https:\/\/tcrwharen.de\/wp-content\/uploads\/2020\/01\/2019_TC-Rot-Wei\u00df-Haren_Logo-Kreis-300x300.jpg 300w, https:\/\/tcrwharen.de\/wp-content\/uploads\/2020\/01\/2019_TC-Rot-Wei\u00df-Haren_Logo-Kreis-350x350.jpg 350w, https:\/\/tcrwharen.de\/wp-content\/uploads\/2020\/01\/2019_TC-Rot-Wei\u00df-Haren_Logo-Kreis-600x600.jpg 600w, https:\/\/tcrwharen.de\/wp-content\/uploads\/2020\/01\/2019_TC-Rot-Wei\u00df-Haren_Logo-Kreis-768x768.jpg 768w\" sizes=\"auto, (max-width: 944px) 100vw, 944px\" \/><\/div><\/div><\/div><\/div><div class=\"wpb_column vc_column_container\"><div class=\"vc_column-inner\"><div class=\"wpb_text_column\"><div class=\"wpb_wrapper\"><h1><span class=\"auto-style17\"><span class=\"auto-style15\">TC RW Haren ein Verein f\u00fcr Jung &amp; Alt<\/span><\/span><\/h1>\n<p><a href=\"https:\/\/tcrwharen.de\/index.php\/der-verein\/aktuelles\/\">Aktuelles<\/a><\/p>\n<p><a href=\"https:\/\/tcrwharen.de\/index.php\/der-verein\/jahresprogramm\/\">Jahresprogramm<\/a><\/p>\n<p>Der Verein wurde 1964 gegr\u00fcndet.<\/p>\n<p>Auf dem Vereinsgel\u00e4nde befinden sich sechs Au\u00dfenpl\u00e4tze, eine Tennishalle mit zwei Pl\u00e4tzen und ein gem\u00fctliches Clubhaus. Da um die Anlage herum ein sch\u00f6ner Baumbestand gewachsen ist, verf\u00fcgt die Anlage \u00fcber einen gewissen Charme.<\/p>\n<p>Durch Kooperationen mit den Schulen sowie Schnuppertage und Ferienpassaktionen, versucht der Verein neuen Nachwuchs zu gewinnen um den Tennissport am Leben zu halten.<\/p>\n<p>Des Weiteren bietet der Verein f\u00fcr seine Mitglieder\u00a0j\u00e4hrliche und zugleich interessante\u00a0Veranstaltungen an.<\/p>\n<\/div><\/div><\/div><\/div><\/div><\/div><\/section><section class=\"l-section wpb_row height_medium\" id=\"fourth\"><div class=\"l-section-h i-cf\"><div class=\"g-cols vc_row via_grid cols_4 laptops-cols_inherit tablets-cols_inherit mobiles-cols_1 valign_top type_default stacking_default\"><div class=\"wpb_column vc_column_container\"><div class=\"vc_column-inner\"><div class=\"w-counter us_custom_69e32a11 color_heading align_center has_font_size\" data-duration=\"2000\"><div class=\"w-counter-value\"><span class=\"w-counter-value-part type_text\" data-final=\"\"><\/span><span class=\"w-counter-value-part type_number\" data-final=\"271\">0<\/span><span class=\"w-counter-value-part type_text\" data-final=\"\"><\/span><\/div><h6 class=\"w-counter-title\">Mitglieder<\/h6><\/div><\/div><\/div><div class=\"wpb_column vc_column_container\"><div class=\"vc_column-inner\"><div class=\"w-counter us_custom_69e32a11 color_primary align_center has_font_size\" data-duration=\"2000\"><div class=\"w-counter-value\"><span class=\"w-counter-value-part type_text\" data-final=\"\"><\/span><span class=\"w-counter-value-part type_number\" data-final=\"65\">0<\/span><span class=\"w-counter-value-part type_text\" data-final=\"\"><\/span><\/div><h6 class=\"w-counter-title\">davon Jugendliche<\/h6><\/div><\/div><\/div><div class=\"wpb_column vc_column_container\"><div class=\"vc_column-inner\"><div class=\"w-counter us_custom_69e32a11 color_heading align_center has_font_size\" data-duration=\"2000\"><div class=\"w-counter-value\"><span class=\"w-counter-value-part type_text\" data-final=\"\"><\/span><span class=\"w-counter-value-part type_number\" data-final=\"5\">0<\/span><span class=\"w-counter-value-part type_text\" data-final=\"\"><\/span><\/div><h6 class=\"w-counter-title\">Erwachsene Mannschaften<\/h6><\/div><\/div><\/div><div class=\"wpb_column vc_column_container\"><div class=\"vc_column-inner\"><div class=\"w-counter us_custom_69e32a11 color_primary align_center has_font_size\" data-duration=\"2000\"><div class=\"w-counter-value\"><span class=\"w-counter-value-part type_text\" data-final=\"\"><\/span><span class=\"w-counter-value-part type_number\" data-final=\"9\">0<\/span><span class=\"w-counter-value-part type_text\" data-final=\"\"><\/span><\/div><h6 class=\"w-counter-title\">Jugendmannschaften<\/h6><\/div><\/div><\/div><\/div><\/div><\/section><section class=\"l-section wpb_row height_medium color_primary\"><div class=\"l-section-h i-cf\"><div class=\"g-cols vc_row via_grid cols_1 laptops-cols_inherit tablets-cols_inherit mobiles-cols_1 valign_top type_default stacking_default\"><div class=\"wpb_column vc_column_container\"><div class=\"vc_column-inner\"><div class=\"w-actionbox color_primary controls_right\"><div class=\"w-actionbox-text\"><h2 class=\"w-actionbox-title\" style=\"font-size:h3\">Werden auch Sie Mitglied des TC RW Haren!<\/h2><\/div><div class=\"w-actionbox-controls\"><a class=\"w-btn us-btn-style_1\" href=\"https:\/\/tcrwharen.de\/index.php\/mitgliedschaft\/\" style=\"font-size:20px;\"><span class=\"w-btn-label\">Mehr Erfahren<\/span><\/a><\/div><\/div><\/div><\/div><\/div><\/div><\/section>\n","protected":false},"excerpt":{"rendered":"","protected":false},"author":1,"featured_media":0,"parent":0,"menu_order":0,"comment_status":"closed","ping_status":"closed","template":"","meta":{"footnotes":""},"class_list":["post-779","page","type-page","status-publish","hentry"],"_links":{"self":[{"href":"https:\/\/tcrwharen.de\/index.php\/wp-json\/wp\/v2\/pages\/779","targetHints":{"allow":["GET"]}}],"collection":[{"href":"https:\/\/tcrwharen.de\/index.php\/wp-json\/wp\/v2\/pages"}],"about":[{"href":"https:\/\/tcrwharen.de\/index.php\/wp-json\/wp\/v2\/types\/page"}],"author":[{"embeddable":true,"href":"https:\/\/tcrwharen.de\/index.php\/wp-json\/wp\/v2\/users\/1"}],"replies":[{"embeddable":true,"href":"https:\/\/tcrwharen.de\/index.php\/wp-json\/wp\/v2\/comments?post=779"}],"version-history":[{"count":27,"href":"https:\/\/tcrwharen.de\/index.php\/wp-json\/wp\/v2\/pages\/779\/revisions"}],"predecessor-version":[{"id":2130,"href":"https:\/\/tcrwharen.de\/index.php\/wp-json\/wp\/v2\/pages\/779\/revisions\/2130"}],"wp:attachment":[{"href":"https:\/\/tcrwharen.de\/index.php\/wp-json\/wp\/v2\/media?parent=779"}],"curies":[{"name":"wp","href":"https:\/\/api.w.org\/{rel}","templated":true}]}}