{"id":768,"date":"2018-04-16T11:15:11","date_gmt":"2018-04-16T09:15:11","guid":{"rendered":"https:\/\/tcrwharen.de\/?page_id=768"},"modified":"2022-11-05T16:21:35","modified_gmt":"2022-11-05T15:21:35","slug":"platzbelegung","status":"publish","type":"page","link":"https:\/\/tcrwharen.de\/index.php\/platzbelegung\/","title":{"rendered":"Platzbelegung"},"content":{"rendered":"<section class=\"l-section wpb_row height_medium\"><div class=\"l-section-h i-cf\"><div class=\"g-cols vc_row via_grid cols_1 laptops-cols_inherit tablets-cols_inherit mobiles-cols_1 valign_top type_default stacking_default\"><div class=\"wpb_column vc_column_container\"><div class=\"vc_column-inner\"><div class=\"wpb_text_column\"><div class=\"wpb_wrapper\"><\/div><\/div><div class=\"wpb_text_column\"><div class=\"wpb_wrapper\"><\/div><\/div><div class=\"wpb_text_column\"><div class=\"wpb_wrapper\"><p>Wir bieten die M\u00f6glichkeit sowohl im Sommer als auch im Winter die Platzbelegungen online einzusehen bzw. Pl\u00e4tze zu buchen. Bitte besuchen Sie unsere Webseite:<\/p>\n<\/div><\/div><div class=\"wpb_text_column\"><div class=\"wpb_wrapper\"><p><a href=\"https:\/\/tcrwharen.courtbooking.de\/\" target=\"_blank\" rel=\"noopener noreferrer\">tcrwharen.courtbooking.de<\/a><\/p>\n<\/div><\/div><div class=\"wpb_text_column\"><div class=\"wpb_wrapper\"><p><em>Nichtmitglieder haben selbstverst\u00e4ndlich auch die M\u00f6glichkeit unsere Pl\u00e4tze zu nutzen. Sie k\u00f6nnen sich genauso online registrieren, als Zahlungsm\u00f6glichkeit bieten wir Ihnen &#8222;Paypal&#8220; an.<\/em><\/p>\n<\/div><\/div><\/div><\/div><\/div><\/div><\/section><section class=\"l-section wpb_row height_medium\"><div class=\"l-section-h i-cf\"><div class=\"g-cols vc_row via_grid cols_2 laptops-cols_inherit tablets-cols_inherit mobiles-cols_1 valign_top type_default stacking_default\"><div class=\"wpb_column vc_column_container\"><div class=\"vc_column-inner\"><div class=\"wpb_text_column us_custom_e241ab94\"><div class=\"wpb_wrapper\"><h2>Hallenpl\u00e4tze<\/h2>\n<p>Wir bieten zwei sch\u00f6ne Hallenpl\u00e4tze sowohl im Winter als auch im Sommer an. Die Tennishalle befindet sich direkt auf dem Clubgel\u00e4nde und sichert allen Mitgliedern die ganzj\u00e4hrige M\u00f6glichkeit des Tennispielens. Der Granulatbelag erm\u00f6glich auch in der Halle ein r\u00fcckenschonendes Spielen.\u00a0\u00a0&#8211; Wir empfehlen &#8222;Profilsohlen&#8220;<\/p>\n<\/div><\/div><\/div><\/div><div class=\"wpb_column vc_column_container\"><div class=\"vc_column-inner\"><div class=\"w-image align_none\"><div class=\"w-image-h\"><img loading=\"lazy\" decoding=\"async\" width=\"768\" height=\"512\" src=\"https:\/\/tcrwharen.de\/wp-content\/uploads\/2018\/04\/IMG_0116_Copy_-1024x683-1-768x512.jpg\" class=\"attachment-us_768_0 size-us_768_0\" alt=\"\" srcset=\"https:\/\/tcrwharen.de\/wp-content\/uploads\/2018\/04\/IMG_0116_Copy_-1024x683-1-768x512.jpg 768w, https:\/\/tcrwharen.de\/wp-content\/uploads\/2018\/04\/IMG_0116_Copy_-1024x683-1-300x200.jpg 300w, https:\/\/tcrwharen.de\/wp-content\/uploads\/2018\/04\/IMG_0116_Copy_-1024x683-1.jpg 1024w, https:\/\/tcrwharen.de\/wp-content\/uploads\/2018\/04\/IMG_0116_Copy_-1024x683-1-600x400.jpg 600w\" sizes=\"auto, (max-width: 768px) 100vw, 768px\" \/><\/div><\/div><\/div><\/div><\/div><\/div><\/section><section class=\"l-section wpb_row height_medium\"><div class=\"l-section-h i-cf\"><div class=\"g-cols vc_row via_grid cols_2 laptops-cols_inherit tablets-cols_inherit mobiles-cols_1 valign_top type_default stacking_default\"><div class=\"wpb_column vc_column_container\"><div class=\"vc_column-inner\"><div class=\"wpb_text_column us_custom_e241ab94\"><div class=\"wpb_wrapper\"><h2>Au\u00dfenpl\u00e4tze<\/h2>\n<p>Auf unseren sechs\u00a0hervorragend gepflegten Au\u00dfenpl\u00e4tzen l\u00e4sst sich Tennis spielen mit Freude genie\u00dfen. Die ruhige und windgesch\u00fctzte Lage f\u00fchrt zu besten Tennisergebnissen. F\u00fcr das abschlie\u00dfende Hei\u00df-oder Kaltgetr\u00e4nk steht unser gem\u00fctliches Clubhaus zur Verf\u00fcgung.<\/p>\n<\/div><\/div><\/div><\/div><div class=\"wpb_column vc_column_container\"><div class=\"vc_column-inner\"><div class=\"w-image align_none\"><div class=\"w-image-h\"><img loading=\"lazy\" decoding=\"async\" width=\"768\" height=\"512\" src=\"https:\/\/tcrwharen.de\/wp-content\/uploads\/2018\/04\/IMG_0139_Copy_-1024x683-768x512.jpg\" class=\"attachment-us_768_0 size-us_768_0\" alt=\"\" srcset=\"https:\/\/tcrwharen.de\/wp-content\/uploads\/2018\/04\/IMG_0139_Copy_-1024x683-768x512.jpg 768w, https:\/\/tcrwharen.de\/wp-content\/uploads\/2018\/04\/IMG_0139_Copy_-1024x683-300x200.jpg 300w, https:\/\/tcrwharen.de\/wp-content\/uploads\/2018\/04\/IMG_0139_Copy_-1024x683.jpg 1024w, https:\/\/tcrwharen.de\/wp-content\/uploads\/2018\/04\/IMG_0139_Copy_-1024x683-600x400.jpg 600w\" sizes=\"auto, (max-width: 768px) 100vw, 768px\" \/><\/div><\/div><\/div><\/div><\/div><\/div><\/section>\n","protected":false},"excerpt":{"rendered":"","protected":false},"author":1,"featured_media":0,"parent":0,"menu_order":0,"comment_status":"closed","ping_status":"closed","template":"","meta":{"footnotes":""},"class_list":["post-768","page","type-page","status-publish","hentry"],"_links":{"self":[{"href":"https:\/\/tcrwharen.de\/index.php\/wp-json\/wp\/v2\/pages\/768","targetHints":{"allow":["GET"]}}],"collection":[{"href":"https:\/\/tcrwharen.de\/index.php\/wp-json\/wp\/v2\/pages"}],"about":[{"href":"https:\/\/tcrwharen.de\/index.php\/wp-json\/wp\/v2\/types\/page"}],"author":[{"embeddable":true,"href":"https:\/\/tcrwharen.de\/index.php\/wp-json\/wp\/v2\/users\/1"}],"replies":[{"embeddable":true,"href":"https:\/\/tcrwharen.de\/index.php\/wp-json\/wp\/v2\/comments?post=768"}],"version-history":[{"count":16,"href":"https:\/\/tcrwharen.de\/index.php\/wp-json\/wp\/v2\/pages\/768\/revisions"}],"predecessor-version":[{"id":2030,"href":"https:\/\/tcrwharen.de\/index.php\/wp-json\/wp\/v2\/pages\/768\/revisions\/2030"}],"wp:attachment":[{"href":"https:\/\/tcrwharen.de\/index.php\/wp-json\/wp\/v2\/media?parent=768"}],"curies":[{"name":"wp","href":"https:\/\/api.w.org\/{rel}","templated":true}]}}