{"id":759,"date":"2018-04-16T10:56:59","date_gmt":"2018-04-16T08:56:59","guid":{"rendered":"https:\/\/tcrwharen.de\/?page_id=759"},"modified":"2022-09-22T13:23:01","modified_gmt":"2022-09-22T11:23:01","slug":"mannschaften","status":"publish","type":"page","link":"https:\/\/tcrwharen.de\/index.php\/mannschaften\/","title":{"rendered":"Mannschaften"},"content":{"rendered":"<section class=\"l-section wpb_row height_medium\" id=\"herren\"><div class=\"l-section-h i-cf\"><div class=\"g-cols vc_row via_grid cols_1 laptops-cols_inherit tablets-cols_inherit mobiles-cols_1 valign_top type_default stacking_default\"><div class=\"wpb_column vc_column_container\"><div class=\"vc_column-inner\"><div class=\"g-cols wpb_row via_grid cols_2 laptops-cols_inherit tablets-cols_inherit mobiles-cols_1 valign_top type_default stacking_default\"><div class=\"wpb_column vc_column_container\"><div class=\"vc_column-inner\"><div class=\"wpb_text_column\"><div class=\"wpb_wrapper\"><h4 style=\"text-align: center;\"><strong>Herren &#8211; 2. Regionsliga<\/strong><\/h4>\n<p style=\"text-align: center;\">Jonas Menke, Maik Esders, Alexander Lichtenwald, Alexander Held, Johannses Ochsenknecht, Lukas Gravel, Eilert K\u00f6ster<\/p>\n<\/div><\/div><div class=\"w-image align_center\"><div class=\"w-image-h\"><img loading=\"lazy\" decoding=\"async\" width=\"1024\" height=\"768\" src=\"https:\/\/tcrwharen.de\/wp-content\/uploads\/2019\/08\/Ball-mit-weichem-Hintergrund-klein-1024x768.jpg\" class=\"attachment-large size-large\" alt=\"\" srcset=\"https:\/\/tcrwharen.de\/wp-content\/uploads\/2019\/08\/Ball-mit-weichem-Hintergrund-klein-1024x768.jpg 1024w, https:\/\/tcrwharen.de\/wp-content\/uploads\/2019\/08\/Ball-mit-weichem-Hintergrund-klein-300x225.jpg 300w, https:\/\/tcrwharen.de\/wp-content\/uploads\/2019\/08\/Ball-mit-weichem-Hintergrund-klein-600x450.jpg 600w, https:\/\/tcrwharen.de\/wp-content\/uploads\/2019\/08\/Ball-mit-weichem-Hintergrund-klein-768x576.jpg 768w\" sizes=\"auto, (max-width: 1024px) 100vw, 1024px\" \/><\/div><\/div><\/div><\/div><div class=\"wpb_column vc_column_container\"><div class=\"vc_column-inner\"><div class=\"wpb_text_column\"><div class=\"wpb_wrapper\"><h4 style=\"text-align: center;\"><strong>Herren 30 \u2013 Bezirksklasse<\/strong><\/h4>\n<p style=\"text-align: center;\">Thomas Eiken, Werner P\u00f6ttker, Marc Briese, Wilfried P\u00f6ttker, Christian Neehus, Kai Briese, Thomas Sch\u00fcer, Christian Plagge, Tobias Gertzen<\/p>\n<\/div><\/div><div class=\"w-image align_center\"><div class=\"w-image-h\"><img loading=\"lazy\" decoding=\"async\" width=\"800\" height=\"627\" src=\"https:\/\/tcrwharen.de\/wp-content\/uploads\/2019\/06\/2019-Herren-30-1-verkleinert.jpg\" class=\"attachment-large size-large\" alt=\"\" srcset=\"https:\/\/tcrwharen.de\/wp-content\/uploads\/2019\/06\/2019-Herren-30-1-verkleinert.jpg 800w, https:\/\/tcrwharen.de\/wp-content\/uploads\/2019\/06\/2019-Herren-30-1-verkleinert-300x235.jpg 300w, https:\/\/tcrwharen.de\/wp-content\/uploads\/2019\/06\/2019-Herren-30-1-verkleinert-600x470.jpg 600w, https:\/\/tcrwharen.de\/wp-content\/uploads\/2019\/06\/2019-Herren-30-1-verkleinert-768x602.jpg 768w\" sizes=\"auto, (max-width: 800px) 100vw, 800px\" \/><\/div><\/div><\/div><\/div><\/div><\/div><\/div><\/div><\/div><\/section><section class=\"l-section wpb_row height_medium\"><div class=\"l-section-h i-cf\"><div class=\"g-cols vc_row via_grid cols_1 laptops-cols_inherit tablets-cols_inherit mobiles-cols_1 valign_top type_default stacking_default\"><div class=\"wpb_column vc_column_container\"><div class=\"vc_column-inner\"><div class=\"g-cols wpb_row via_grid cols_2 laptops-cols_inherit tablets-cols_inherit mobiles-cols_1 valign_top type_default stacking_default\"><div class=\"wpb_column vc_column_container\"><div class=\"vc_column-inner\"><div class=\"wpb_text_column\"><div class=\"wpb_wrapper\"><h4 style=\"text-align: center;\"><strong>Herren 60\u00a0 \u2013 Verbandsliga<\/strong><\/h4>\n<p class=\"auto-style81\" style=\"text-align: center;\">Willi Fenslage, Peter Meentken, Werner Grandauer, Hendrik Grooten, Heiner Winkel, Helmut D\u00fcllmann, G\u00fcnter Telkmann<\/p>\n<\/div><\/div><div class=\"w-image align_center\"><div class=\"w-image-h\"><img loading=\"lazy\" decoding=\"async\" width=\"1024\" height=\"768\" src=\"https:\/\/tcrwharen.de\/wp-content\/uploads\/2019\/08\/Ball-mit-weichem-Hintergrund-klein-1024x768.jpg\" class=\"attachment-large size-large\" alt=\"\" srcset=\"https:\/\/tcrwharen.de\/wp-content\/uploads\/2019\/08\/Ball-mit-weichem-Hintergrund-klein-1024x768.jpg 1024w, https:\/\/tcrwharen.de\/wp-content\/uploads\/2019\/08\/Ball-mit-weichem-Hintergrund-klein-300x225.jpg 300w, https:\/\/tcrwharen.de\/wp-content\/uploads\/2019\/08\/Ball-mit-weichem-Hintergrund-klein-600x450.jpg 600w, https:\/\/tcrwharen.de\/wp-content\/uploads\/2019\/08\/Ball-mit-weichem-Hintergrund-klein-768x576.jpg 768w\" sizes=\"auto, (max-width: 1024px) 100vw, 1024px\" \/><\/div><\/div><\/div><\/div><div class=\"wpb_column vc_column_container\"><div class=\"vc_column-inner\"><div class=\"wpb_text_column\"><div class=\"wpb_wrapper\"><\/div><\/div><\/div><\/div><\/div><\/div><\/div><\/div><\/div><\/section><section class=\"l-section wpb_row height_medium color_primary\"><div class=\"l-section-h i-cf\"><div class=\"g-cols vc_row via_grid cols_1 laptops-cols_inherit tablets-cols_inherit mobiles-cols_1 valign_top type_default stacking_default\"><div class=\"wpb_column vc_column_container\"><div class=\"vc_column-inner\"><div class=\"w-actionbox color_primary controls_right\"><div class=\"w-actionbox-text\"><h2 class=\"w-actionbox-title\" style=\"font-size:h3\">Werden auch Sie Mitglied des TC RW Haren!<\/h2><\/div><div class=\"w-actionbox-controls\"><a class=\"w-btn us-btn-style_1\" href=\"https:\/\/tcrwharen.de\/index.php\/mitgliedschaft\/\" style=\"font-size:20px;\"><span class=\"w-btn-label\">Mehr Erfahren<\/span><\/a><\/div><\/div><\/div><\/div><\/div><\/div><\/section><section class=\"l-section wpb_row height_medium\" id=\"damen\"><div class=\"l-section-h i-cf\"><div class=\"g-cols vc_row via_grid cols_1 laptops-cols_inherit tablets-cols_inherit mobiles-cols_1 valign_top type_default stacking_default\"><div class=\"wpb_column vc_column_container\"><div class=\"vc_column-inner\"><div class=\"g-cols wpb_row via_grid cols_2 laptops-cols_inherit tablets-cols_inherit mobiles-cols_1 valign_top type_default stacking_default\"><div class=\"wpb_column vc_column_container\"><div class=\"vc_column-inner\"><div class=\"wpb_text_column\"><div class=\"wpb_wrapper\"><h4 style=\"text-align: center;\"><strong>Damen\u00a0 \u2013 Regionsklasse<\/strong><\/h4>\n<h6 style=\"text-align: center;\">Julia Schultalbers, Lara Schultablers, Lisa Bolmer, Sina Schaper, Neele Germer, Lea Schwieters<\/h6>\n<\/div><\/div><div class=\"w-image align_center\"><div class=\"w-image-h\"><img loading=\"lazy\" decoding=\"async\" width=\"1024\" height=\"768\" src=\"https:\/\/tcrwharen.de\/wp-content\/uploads\/2019\/08\/Ball-mit-weichem-Hintergrund-klein-1024x768.jpg\" class=\"attachment-large size-large\" alt=\"\" srcset=\"https:\/\/tcrwharen.de\/wp-content\/uploads\/2019\/08\/Ball-mit-weichem-Hintergrund-klein-1024x768.jpg 1024w, https:\/\/tcrwharen.de\/wp-content\/uploads\/2019\/08\/Ball-mit-weichem-Hintergrund-klein-300x225.jpg 300w, https:\/\/tcrwharen.de\/wp-content\/uploads\/2019\/08\/Ball-mit-weichem-Hintergrund-klein-600x450.jpg 600w, https:\/\/tcrwharen.de\/wp-content\/uploads\/2019\/08\/Ball-mit-weichem-Hintergrund-klein-768x576.jpg 768w\" sizes=\"auto, (max-width: 1024px) 100vw, 1024px\" \/><\/div><\/div><\/div><\/div><div class=\"wpb_column vc_column_container\"><div class=\"vc_column-inner\"><div class=\"wpb_text_column\"><div class=\"wpb_wrapper\"><\/div><\/div><\/div><\/div><\/div><\/div><\/div><\/div><\/div><\/section><section class=\"l-section wpb_row height_medium color_primary\"><div class=\"l-section-h i-cf\"><div class=\"g-cols vc_row via_grid cols_1 laptops-cols_inherit tablets-cols_inherit mobiles-cols_1 valign_top type_default stacking_default\"><div class=\"wpb_column vc_column_container\"><div class=\"vc_column-inner\"><div class=\"w-actionbox color_primary controls_right\"><div class=\"w-actionbox-text\"><h2 class=\"w-actionbox-title\" style=\"font-size:h3\">Werden auch Sie Mitglied des TC RW Haren!<\/h2><\/div><div class=\"w-actionbox-controls\"><a class=\"w-btn us-btn-style_1\" href=\"https:\/\/tcrwharen.de\/index.php\/mitgliedschaft\/\" style=\"font-size:20px;\"><span class=\"w-btn-label\">Mehr Erfahren<\/span><\/a><\/div><\/div><\/div><\/div><\/div><\/div><\/section><section class=\"l-section wpb_row height_medium\" id=\"junioren\"><div class=\"l-section-h i-cf\"><div class=\"g-cols vc_row via_grid cols_1 laptops-cols_inherit tablets-cols_inherit mobiles-cols_1 valign_top type_default stacking_default\"><div class=\"wpb_column vc_column_container\"><div class=\"vc_column-inner\"><div class=\"g-cols wpb_row via_grid cols_2 laptops-cols_inherit tablets-cols_inherit mobiles-cols_1 valign_top type_default stacking_default\"><div class=\"wpb_column vc_column_container\"><div class=\"vc_column-inner\"><div class=\"wpb_text_column\"><div class=\"wpb_wrapper\"><h4 style=\"text-align: center;\"><strong>Juniorinnen A<\/strong><\/h4>\n<p style=\"text-align: center;\">Lara Schultalbers, Lisa Bolmer<\/p>\n<\/div><\/div><\/div><\/div><div class=\"wpb_column vc_column_container\"><div class=\"vc_column-inner\"><div class=\"wpb_text_column\"><div class=\"wpb_wrapper\"><h4 style=\"text-align: center;\"><strong>Juniorinnen A II<\/strong><\/h4>\n<p class=\"auto-style81\" style=\"text-align: center;\">Annika Bertschik, Constanze Wittstruck, Jana Specken, Maresa L\u00fc\u00dfing<\/p>\n<\/div><\/div><\/div><\/div><\/div><\/div><\/div><\/div><\/div><\/section><section class=\"l-section wpb_row height_medium\"><div class=\"l-section-h i-cf\"><div class=\"g-cols vc_row via_grid cols_1 laptops-cols_inherit tablets-cols_inherit mobiles-cols_1 valign_top type_default stacking_default\"><div class=\"wpb_column vc_column_container\"><div class=\"vc_column-inner\"><div class=\"g-cols wpb_row via_grid cols_2 laptops-cols_inherit tablets-cols_inherit mobiles-cols_1 valign_top type_default stacking_default\"><div class=\"wpb_column vc_column_container\"><div class=\"vc_column-inner\"><div class=\"wpb_text_column\"><div class=\"wpb_wrapper\"><h4 style=\"text-align: center;\"><strong>Juniorinnen B<br \/>\n<\/strong><\/h4>\n<p class=\"auto-style81\" style=\"text-align: center;\"><span class=\"style121\">Lea Zuchgan, Constanze Wittstruck, Annika Bertschik, Franka Deymann<\/span><\/p>\n<\/div><\/div><div class=\"w-image align_center\"><div class=\"w-image-h\"><img loading=\"lazy\" decoding=\"async\" width=\"1024\" height=\"941\" src=\"https:\/\/tcrwharen.de\/wp-content\/uploads\/2019\/08\/2019-Juniorinnen-C-BBTM3298-quer-1024x941.jpg\" class=\"attachment-large size-large\" alt=\"\" srcset=\"https:\/\/tcrwharen.de\/wp-content\/uploads\/2019\/08\/2019-Juniorinnen-C-BBTM3298-quer-1024x941.jpg 1024w, https:\/\/tcrwharen.de\/wp-content\/uploads\/2019\/08\/2019-Juniorinnen-C-BBTM3298-quer-300x276.jpg 300w, https:\/\/tcrwharen.de\/wp-content\/uploads\/2019\/08\/2019-Juniorinnen-C-BBTM3298-quer-600x552.jpg 600w, https:\/\/tcrwharen.de\/wp-content\/uploads\/2019\/08\/2019-Juniorinnen-C-BBTM3298-quer-768x706.jpg 768w, https:\/\/tcrwharen.de\/wp-content\/uploads\/2019\/08\/2019-Juniorinnen-C-BBTM3298-quer.jpg 1190w\" sizes=\"auto, (max-width: 1024px) 100vw, 1024px\" \/><\/div><\/div><\/div><\/div><div class=\"wpb_column vc_column_container\"><div class=\"vc_column-inner\"><div class=\"wpb_text_column\"><div class=\"wpb_wrapper\"><h4 style=\"text-align: center;\"><strong>Juniorinnen B<br \/>\n<\/strong><\/h4>\n<p class=\"auto-style81\" style=\"text-align: center;\"><span class=\"style121\">Carla M\u00f6llering, Marieke Kamphuid, Paula Koormann, Greta Speller, Jana Hagen, Hanna Heet<\/span><\/p>\n<\/div><\/div><\/div><\/div><\/div><\/div><\/div><\/div><\/div><\/section><section class=\"l-section wpb_row height_medium\"><div class=\"l-section-h i-cf\"><div class=\"g-cols vc_row via_grid cols_1 laptops-cols_inherit tablets-cols_inherit mobiles-cols_1 valign_top type_default stacking_default\"><div class=\"wpb_column vc_column_container\"><div class=\"vc_column-inner\"><div class=\"g-cols wpb_row via_grid cols_2 laptops-cols_inherit tablets-cols_inherit mobiles-cols_1 valign_top type_default stacking_default\"><div class=\"wpb_column vc_column_container\"><div class=\"vc_column-inner\"><div class=\"wpb_text_column\"><div class=\"wpb_wrapper\"><h4 style=\"text-align: center;\"><strong>Junioren A<br \/>\n<\/strong><\/h4>\n<p class=\"auto-style81\" style=\"text-align: center;\"><span class=\"style121\">N.N.<\/span><\/p>\n<\/div><\/div><div class=\"w-image align_center\"><div class=\"w-image-h\"><img loading=\"lazy\" decoding=\"async\" width=\"1024\" height=\"768\" src=\"https:\/\/tcrwharen.de\/wp-content\/uploads\/2019\/08\/Ball-mit-weichem-Hintergrund-klein-1024x768.jpg\" class=\"attachment-large size-large\" alt=\"\" srcset=\"https:\/\/tcrwharen.de\/wp-content\/uploads\/2019\/08\/Ball-mit-weichem-Hintergrund-klein-1024x768.jpg 1024w, https:\/\/tcrwharen.de\/wp-content\/uploads\/2019\/08\/Ball-mit-weichem-Hintergrund-klein-300x225.jpg 300w, https:\/\/tcrwharen.de\/wp-content\/uploads\/2019\/08\/Ball-mit-weichem-Hintergrund-klein-600x450.jpg 600w, https:\/\/tcrwharen.de\/wp-content\/uploads\/2019\/08\/Ball-mit-weichem-Hintergrund-klein-768x576.jpg 768w\" sizes=\"auto, (max-width: 1024px) 100vw, 1024px\" \/><\/div><\/div><\/div><\/div><div class=\"wpb_column vc_column_container\"><div class=\"vc_column-inner\"><div class=\"wpb_text_column\"><div class=\"wpb_wrapper\"><h4 style=\"text-align: center;\"><strong>Junioren B<br \/>\n<\/strong><\/h4>\n<p class=\"auto-style81\" style=\"text-align: center;\">Jannes P\u00f6ttker, Stanley Aschurkow, Max Weitzel, Jean Pierre Eberhard<\/p>\n<\/div><\/div><div class=\"w-image align_center\"><div class=\"w-image-h\"><img loading=\"lazy\" decoding=\"async\" width=\"1024\" height=\"768\" src=\"https:\/\/tcrwharen.de\/wp-content\/uploads\/2022\/07\/2022-Junioren-B-angepasst-1024x768.jpg\" class=\"attachment-large size-large\" alt=\"\" srcset=\"https:\/\/tcrwharen.de\/wp-content\/uploads\/2022\/07\/2022-Junioren-B-angepasst-1024x768.jpg 1024w, https:\/\/tcrwharen.de\/wp-content\/uploads\/2022\/07\/2022-Junioren-B-angepasst-300x225.jpg 300w, https:\/\/tcrwharen.de\/wp-content\/uploads\/2022\/07\/2022-Junioren-B-angepasst-600x450.jpg 600w, https:\/\/tcrwharen.de\/wp-content\/uploads\/2022\/07\/2022-Junioren-B-angepasst-768x576.jpg 768w, https:\/\/tcrwharen.de\/wp-content\/uploads\/2022\/07\/2022-Junioren-B-angepasst.jpg 1672w\" sizes=\"auto, (max-width: 1024px) 100vw, 1024px\" \/><\/div><\/div><\/div><\/div><\/div><\/div><\/div><\/div><\/div><\/section><section class=\"l-section wpb_row height_medium\"><div class=\"l-section-h i-cf\"><div class=\"g-cols vc_row via_grid cols_1 laptops-cols_inherit tablets-cols_inherit mobiles-cols_1 valign_top type_default stacking_default\"><div class=\"wpb_column vc_column_container\"><div class=\"vc_column-inner\"><div class=\"g-cols wpb_row via_grid cols_2 laptops-cols_inherit tablets-cols_inherit mobiles-cols_1 valign_top type_default stacking_default\"><div class=\"wpb_column vc_column_container\"><div class=\"vc_column-inner\"><div class=\"wpb_text_column\"><div class=\"wpb_wrapper\"><h4 style=\"text-align: center;\"><strong>Junioren C<br \/>\n<\/strong><\/h4>\n<p class=\"auto-style81\" style=\"text-align: center;\">Justus P\u00f6ttker, Leon Veenker, Finn P\u00f6ttker, Ben Dewner, Leo S\u00fcrken<\/p>\n<\/div><\/div><div class=\"w-image align_center\"><div class=\"w-image-h\"><img loading=\"lazy\" decoding=\"async\" width=\"1024\" height=\"768\" src=\"https:\/\/tcrwharen.de\/wp-content\/uploads\/2022\/06\/2022-Junioren-C-angepasst-2-1024x768.jpg\" class=\"attachment-large size-large\" alt=\"\" srcset=\"https:\/\/tcrwharen.de\/wp-content\/uploads\/2022\/06\/2022-Junioren-C-angepasst-2-1024x768.jpg 1024w, https:\/\/tcrwharen.de\/wp-content\/uploads\/2022\/06\/2022-Junioren-C-angepasst-2-300x225.jpg 300w, https:\/\/tcrwharen.de\/wp-content\/uploads\/2022\/06\/2022-Junioren-C-angepasst-2-600x450.jpg 600w, https:\/\/tcrwharen.de\/wp-content\/uploads\/2022\/06\/2022-Junioren-C-angepasst-2-768x576.jpg 768w, https:\/\/tcrwharen.de\/wp-content\/uploads\/2022\/06\/2022-Junioren-C-angepasst-2.jpg 1672w\" sizes=\"auto, (max-width: 1024px) 100vw, 1024px\" \/><\/div><\/div><\/div><\/div><div class=\"wpb_column vc_column_container\"><div class=\"vc_column-inner\"><div class=\"wpb_text_column\"><div class=\"wpb_wrapper\"><h4 style=\"text-align: center;\"><strong>Junioren C II<br \/>\n<\/strong><\/h4>\n<p class=\"auto-style81\" style=\"text-align: center;\">Eric J\u00fcngerhans, Johan Tiehen,\u00a0 Henri Lucht, Fiete M\u00f6llering<\/p>\n<\/div><\/div><div class=\"w-image align_center\"><div class=\"w-image-h\"><img loading=\"lazy\" decoding=\"async\" width=\"1024\" height=\"891\" src=\"https:\/\/tcrwharen.de\/wp-content\/uploads\/2022\/09\/2022-Junioren-C2-1024x891.jpg\" class=\"attachment-large size-large\" alt=\"\" srcset=\"https:\/\/tcrwharen.de\/wp-content\/uploads\/2022\/09\/2022-Junioren-C2-1024x891.jpg 1024w, https:\/\/tcrwharen.de\/wp-content\/uploads\/2022\/09\/2022-Junioren-C2-300x261.jpg 300w, https:\/\/tcrwharen.de\/wp-content\/uploads\/2022\/09\/2022-Junioren-C2-600x522.jpg 600w, https:\/\/tcrwharen.de\/wp-content\/uploads\/2022\/09\/2022-Junioren-C2-768x668.jpg 768w, https:\/\/tcrwharen.de\/wp-content\/uploads\/2022\/09\/2022-Junioren-C2.jpg 1600w\" sizes=\"auto, (max-width: 1024px) 100vw, 1024px\" \/><\/div><\/div><\/div><\/div><\/div><div class=\"g-cols wpb_row via_grid cols_2 laptops-cols_inherit tablets-cols_inherit mobiles-cols_1 valign_top type_default stacking_default\"><div class=\"wpb_column vc_column_container\"><div class=\"vc_column-inner\"><div class=\"wpb_text_column\"><div class=\"wpb_wrapper\"><h4 style=\"text-align: center;\"><strong>Junioren C III<br \/>\n<\/strong><\/h4>\n<p class=\"auto-style81\" style=\"text-align: center;\">Antoni Polomska, Elias Wittstruck<\/p>\n<\/div><\/div><\/div><\/div><div class=\"wpb_column vc_column_container\"><div class=\"vc_column-inner\"><div class=\"wpb_text_column\"><div class=\"wpb_wrapper\"><h4 style=\"text-align: center;\"><strong>Junioren U10 Team Green<br \/>\n<\/strong><\/h4>\n<p class=\"auto-style81\" style=\"text-align: center;\">Elias Wittstruck, Erik Meyerrose<\/p>\n<\/div><\/div><\/div><\/div><\/div><\/div><\/div><\/div><\/div><\/section><section class=\"l-section wpb_row height_medium\"><div class=\"l-section-h i-cf\"><div class=\"g-cols vc_row via_grid cols_1 laptops-cols_inherit tablets-cols_inherit mobiles-cols_1 valign_top type_default stacking_default\"><div class=\"wpb_column vc_column_container\"><div class=\"vc_column-inner\"><div class=\"g-cols wpb_row via_grid cols_2 laptops-cols_inherit tablets-cols_inherit mobiles-cols_1 valign_top type_default stacking_default\"><div class=\"wpb_column vc_column_container\"><div class=\"vc_column-inner\"><div class=\"wpb_text_column\"><div class=\"wpb_wrapper\"><h4 style=\"text-align: center;\"><strong>Juniorinnen U10 Team Orange<br \/>\n<\/strong><\/h4>\n<p class=\"auto-style81\" style=\"text-align: center;\"><span class=\"style121\">Janne Marie Kr\u00fcssel, Emily Mensen, Greta Brunsing, Shana Kasoca<\/span><\/p>\n<\/div><\/div><\/div><\/div><div class=\"wpb_column vc_column_container\"><div class=\"vc_column-inner\"><div class=\"wpb_text_column\"><div class=\"wpb_wrapper\"><h4 style=\"text-align: center;\"><strong>\u00a0<\/strong><\/h4>\n<p>&nbsp;<\/p>\n<\/div><\/div><\/div><\/div><\/div><\/div><\/div><\/div><\/div><\/section><section class=\"l-section wpb_row height_medium\"><div class=\"l-section-h i-cf\"><div class=\"g-cols vc_row via_grid cols_1 laptops-cols_inherit tablets-cols_inherit mobiles-cols_1 valign_top type_default stacking_default\"><div class=\"wpb_column vc_column_container\"><div class=\"vc_column-inner\"><div class=\"wpb_text_column\"><div class=\"wpb_wrapper\"><\/div><\/div><\/div><\/div><\/div><\/div><\/section>\n","protected":false},"excerpt":{"rendered":"","protected":false},"author":1,"featured_media":0,"parent":0,"menu_order":0,"comment_status":"closed","ping_status":"closed","template":"","meta":{"footnotes":""},"class_list":["post-759","page","type-page","status-publish","hentry"],"_links":{"self":[{"href":"https:\/\/tcrwharen.de\/index.php\/wp-json\/wp\/v2\/pages\/759","targetHints":{"allow":["GET"]}}],"collection":[{"href":"https:\/\/tcrwharen.de\/index.php\/wp-json\/wp\/v2\/pages"}],"about":[{"href":"https:\/\/tcrwharen.de\/index.php\/wp-json\/wp\/v2\/types\/page"}],"author":[{"embeddable":true,"href":"https:\/\/tcrwharen.de\/index.php\/wp-json\/wp\/v2\/users\/1"}],"replies":[{"embeddable":true,"href":"https:\/\/tcrwharen.de\/index.php\/wp-json\/wp\/v2\/comments?post=759"}],"version-history":[{"count":42,"href":"https:\/\/tcrwharen.de\/index.php\/wp-json\/wp\/v2\/pages\/759\/revisions"}],"predecessor-version":[{"id":2022,"href":"https:\/\/tcrwharen.de\/index.php\/wp-json\/wp\/v2\/pages\/759\/revisions\/2022"}],"wp:attachment":[{"href":"https:\/\/tcrwharen.de\/index.php\/wp-json\/wp\/v2\/media?parent=759"}],"curies":[{"name":"wp","href":"https:\/\/api.w.org\/{rel}","templated":true}]}}