{"id":700,"date":"2018-04-13T17:09:19","date_gmt":"2018-04-13T15:09:19","guid":{"rendered":"https:\/\/tcrwharen.de\/?page_id=700"},"modified":"2019-02-19T15:48:14","modified_gmt":"2019-02-19T14:48:14","slug":"chronik-tc-haren","status":"publish","type":"page","link":"https:\/\/tcrwharen.de\/index.php\/der-verein\/chronik-tc-haren\/","title":{"rendered":"Chronik TC Haren"},"content":{"rendered":"<section class=\"l-section wpb_row height_medium\"><div class=\"l-section-h i-cf\"><div class=\"g-cols vc_row via_grid cols_1 laptops-cols_inherit tablets-cols_inherit mobiles-cols_1 valign_top type_default stacking_default\"><div class=\"wpb_column vc_column_container\"><div class=\"vc_column-inner\"><div class=\"wpb_text_column\"><div class=\"wpb_wrapper\"><h2 style=\"text-align: center;\"><span class=\"auto-style38\">Bild der Gr\u00fcndungsv\u00e4ter aus dem Jahre 1964<\/span><\/h2>\n<\/div><\/div><div class=\"w-image align_center\"><div class=\"w-image-h\"><img loading=\"lazy\" decoding=\"async\" width=\"849\" height=\"1016\" src=\"https:\/\/tcrwharen.de\/wp-content\/uploads\/2018\/04\/Bildschirmfoto-2018-04-13-um-17.45.52-Kopie.jpg\" class=\"attachment-large size-large\" alt=\"\" srcset=\"https:\/\/tcrwharen.de\/wp-content\/uploads\/2018\/04\/Bildschirmfoto-2018-04-13-um-17.45.52-Kopie.jpg 849w, https:\/\/tcrwharen.de\/wp-content\/uploads\/2018\/04\/Bildschirmfoto-2018-04-13-um-17.45.52-Kopie-251x300.jpg 251w, https:\/\/tcrwharen.de\/wp-content\/uploads\/2018\/04\/Bildschirmfoto-2018-04-13-um-17.45.52-Kopie-768x919.jpg 768w, https:\/\/tcrwharen.de\/wp-content\/uploads\/2018\/04\/Bildschirmfoto-2018-04-13-um-17.45.52-Kopie-600x718.jpg 600w\" sizes=\"auto, (max-width: 849px) 100vw, 849px\" \/><\/div><\/div>[icon_timeline][icon_timeline_item]<span class=\"style121\"><span class=\"auto-style42\">Der TC Rot-Wei\u00df kann in diesem Jahr auf sein 50j\u00e4hriges Bestehen zur\u00fcckblicken. Aus kleinen Anf\u00e4ngen mit einem Tennisplatz bei der alten Gastst\u00e4tte Knepper ist inzwischen eine Tennisanlage mit 6<\/span><span class=\"auto-style42\">\u00a0 <\/span><span class=\"auto-style42\">Tennispl\u00e4tzen, einer Trainingswand, sowie einer 2-Feldtennishalle mit Clubraum und Sanit\u00e4ranlagen entstanden. Heute nach 50 Jahren hat unser Verein 246 Mitglieder, davon sind 60 Jugendliche.<\/span><span class=\"auto-style42\">\u00a0 <\/span><span class=\"auto-style42\">10 Erwachsenen- Mannschaften und 6 Jugendmannschaften. Im sportlichen Leben der Stadt Haren nimmt der Tennissport inzwischen einen festen Platz ein und bietet vielen Einwohnern die M\u00f6glichkeit, den \u201ewei\u00dfen\u201c Sport auszu\u00fcben.<\/span><\/span><\/p>\n<p><span class=\"auto-style41\">Das 50j\u00e4hrige Jubil\u00e4um gibt auch Gelegenheit, all denen zu danken, die im Verlauf der Entwicklung unseres Vereins zu seinen Erfolgen beigetragen haben. Der Dank gilt allen Mitgliedern, F\u00f6rderern und insbesondere den ehrenamtlich T\u00e4tigen!<\/span>[\/icon_timeline_item][icon_timeline_sep time_sep_title=&#8220;2014&#8243;][icon_timeline_item]Pfingstsamstag 2004 feierten die Mitglieder das 40j\u00e4hrige Bestehen des Vereins.[\/icon_timeline_item][icon_timeline_sep time_sep_title=&#8220;2004&#8243;][icon_timeline_item]Eine gro\u00dfe Investition war die Dachsanierung und Erneuerung des Hallenbodens. Der Vorstand stellte die Vorhaben auf der Mitgliederversammlung am 14.03.2003 vor. In den ersten Maiwochen erfolgte die Renovierung mit vielen tatkr\u00e4ftigen Helfern aus unserem Verein.[\/icon_timeline_item][icon_timeline_sep time_sep_title=&#8220;2003&#8243;][icon_timeline_item]Im M\u00e4rz 2002 \u00fcbergab Franz Busse aus gesundheitlichen Gr\u00fcnden seinen Vorsitz an Bernd Weitzel. Am 18.02.2002 wurde er in der Mitgliederversammlung zum 1. Vorsitzenden gew\u00e4hlt.[\/icon_timeline_item][icon_timeline_sep time_sep_title=&#8220;2002&#8243;][icon_timeline_item]Im Jahr 2000 erfolgte die Sanierung der Sanit\u00e4ranlagen und die \u00dcberdachung der Terrasse.[\/icon_timeline_item][icon_timeline_sep time_sep_title=&#8220;2000&#8243;][icon_timeline_item]\n<p class=\"auto-style41\">Franz Busse \u00fcbernahm den Vorsitz, da Helmut Steinborn erkrankte.<\/p>\n<p class=\"auto-style41\">Am 06.06.1992 starb Helmut Steinborn, der 12 Jahre Vorsitzender und zuletzt Ehrenvorsitzender war. Seit 1993 findet ihm zu Ehren am Pfingstsamstag ein Ged\u00e4chtnisturnier statt.<\/p>\n[\/icon_timeline_item][icon_timeline_sep time_sep_title=&#8220;1992&#8243;][icon_timeline_item]<span class=\"auto-style42\">Der Hallenboden wurde<\/span><span class=\"auto-style42\">\u00a0 <\/span><span class=\"auto-style42\">in diesem Jahr erneuert.<\/span>[\/icon_timeline_item][icon_timeline_sep time_sep_title=&#8220;1990&#8243;][icon_timeline_item]<span class=\"auto-style42\">Im Mai musste die Au\u00dfenanlage um 2 Pl\u00e4tze<\/span><span class=\"auto-style42\">\u00a0 <\/span><span class=\"auto-style42\">( Platz 5 und 6 ) wegen des \u201eTennis Booms\u201c erweitert werden.<\/span>[\/icon_timeline_item][icon_timeline_sep time_sep_title=&#8220;1987&#8243;][icon_timeline_item]Offizielle Einweihung der 2-Feld-Tennishalle war am 28.05.1986.[\/icon_timeline_item][icon_timeline_sep time_sep_title=&#8220;1986&#8243;][icon_timeline_item]<span class=\"auto-style42\">Die Tennishalle wurde 1985 fertiggestellt<\/span><span class=\"auto-style42\">\u00a0 <\/span><span class=\"auto-style42\">und im Herbst begann die erste Hallensaison.<\/span>[\/icon_timeline_item][icon_timeline_sep time_sep_title=&#8220;1985&#8243;][icon_timeline_item]H\u00f6hepunkt der Saison 1984 war die Feier des 20j\u00e4hrigen Bestehens des Vereins und der erste Spatenstich f\u00fcr den Bau der Tennishalle im Emspark durch Stadtdirektor Ewald Kley.[\/icon_timeline_item][icon_timeline_sep time_sep_title=&#8220;1984&#8243;][icon_timeline_item]\n<p class=\"auto-style41\">1980 \u00fcbernahm Helmut Steinborn den 1.Vorsitz des Vereins.\u00a0<span class=\"style121\"><span class=\"auto-style42\">Wegen des st\u00e4ndigen Anstiegs der Mitgliederzahl wurde die Tennisanlage 1980 um einen weiteren Platz<\/span><span class=\"auto-style42\">\u00a0 <\/span><span class=\"auto-style42\">( Platz 4) ausge<\/span><\/span>baut.<\/p>\n[\/icon_timeline_item][icon_timeline_sep time_sep_title=&#8220;1980&#8243;][icon_timeline_item]<span class=\"auto-style42\">Zu Beginn der Saison 1976 war die Einweihung der neuen Anlage mit 3 Pl\u00e4tzen und einer Trainingswand. <\/span><span class=\"auto-style42\">\u00a0<\/span><span class=\"auto-style42\">Zwei angemietete Container dienten als Umkleide \u2013 und<\/span><span class=\"auto-style42\">\u00a0 <\/span><span class=\"auto-style42\">Aufenthaltsraum. Der Leistungssport wurde durch die Gr\u00fcndung von Medenmannschaften ausgebaut.<\/span>[\/icon_timeline_item][icon_timeline_sep time_sep_title=&#8220;1976&#8243;][icon_timeline_item]<span class=\"auto-style42\">Nach Abschluss der Saison 1975 sah sich der TC Haren gezwungen seine Zelte auf der bisherigen Anlage abzubrechen, weil diese im Zusammenhang mit den Abbrucharbeiten bei der Gastst\u00e4tte Knepper <\/span><span class=\"auto-style42\">\u00a0<\/span><span class=\"auto-style42\">\u201e ein Opfer der Stra\u00dfenbauma\u00dfnahmen\u201c (heute B 408) wurde. Der damalige Vorstand hat dann unmittelbar nach Bekanntwerden dieser Ver\u00e4nderung Verhandlungen mit der Stadt Haren aufgenommen, die sehr schnell zur Errichtung einer neuen Tennisanlage auf dem Gel\u00e4nde der Stadt Haren im Emspark f\u00fchrte.<\/span>[\/icon_timeline_item][icon_timeline_sep time_sep_title=&#8220;1975&#8243;][icon_timeline_item]Wegen des starken Mitgliederzuwachses in der Gr\u00fcndungsphase wurde Anfang 1967 ein weiterer Tennisplatz errichtet.[\/icon_timeline_item][icon_timeline_sep time_sep_title=&#8220;1967&#8243;][icon_timeline_item]<span class=\"style121\"><span class=\"auto-style42\">Am 17.01.1964 wurde der Verein von 13 am Tennissport interessierte Personen gegr\u00fcndet. Zum 1. Vorsitzenden w\u00e4hlten die Mitglieder<\/span><span class=\"auto-style42\">\u00a0 <\/span><span class=\"auto-style42\">Hans Wichers. Der 1. Tennisplatz wurde in der Zeit von M\u00e4rz-Mai 1964 auf einem von der Gastst\u00e4tte Knepper langfristig gepachteten Grundst\u00fcck an der B 402 (heute B 408) errichtet.<\/span><\/span>[\/icon_timeline_item][icon_timeline_sep time_sep_title=&#8220;1964&#8243;][\/icon_timeline]<\/div><\/div><\/div><\/div><\/section>\n","protected":false},"excerpt":{"rendered":"","protected":false},"author":1,"featured_media":0,"parent":695,"menu_order":0,"comment_status":"closed","ping_status":"closed","template":"","meta":{"footnotes":""},"class_list":["post-700","page","type-page","status-publish","hentry"],"_links":{"self":[{"href":"https:\/\/tcrwharen.de\/index.php\/wp-json\/wp\/v2\/pages\/700","targetHints":{"allow":["GET"]}}],"collection":[{"href":"https:\/\/tcrwharen.de\/index.php\/wp-json\/wp\/v2\/pages"}],"about":[{"href":"https:\/\/tcrwharen.de\/index.php\/wp-json\/wp\/v2\/types\/page"}],"author":[{"embeddable":true,"href":"https:\/\/tcrwharen.de\/index.php\/wp-json\/wp\/v2\/users\/1"}],"replies":[{"embeddable":true,"href":"https:\/\/tcrwharen.de\/index.php\/wp-json\/wp\/v2\/comments?post=700"}],"version-history":[{"count":3,"href":"https:\/\/tcrwharen.de\/index.php\/wp-json\/wp\/v2\/pages\/700\/revisions"}],"predecessor-version":[{"id":1099,"href":"https:\/\/tcrwharen.de\/index.php\/wp-json\/wp\/v2\/pages\/700\/revisions\/1099"}],"up":[{"embeddable":true,"href":"https:\/\/tcrwharen.de\/index.php\/wp-json\/wp\/v2\/pages\/695"}],"wp:attachment":[{"href":"https:\/\/tcrwharen.de\/index.php\/wp-json\/wp\/v2\/media?parent=700"}],"curies":[{"name":"wp","href":"https:\/\/api.w.org\/{rel}","templated":true}]}}