{"id":693,"date":"2018-04-13T17:00:10","date_gmt":"2018-04-13T15:00:10","guid":{"rendered":"https:\/\/tcrwharen.de\/?page_id=693"},"modified":"2018-06-13T16:15:25","modified_gmt":"2018-06-13T14:15:25","slug":"datenschutz","status":"publish","type":"page","link":"https:\/\/tcrwharen.de\/index.php\/datenschutz\/","title":{"rendered":"Datenschutz"},"content":{"rendered":"<section class=\"l-section wpb_row height_medium\"><div class=\"l-section-h i-cf\"><div class=\"g-cols vc_row via_grid cols_1 laptops-cols_inherit tablets-cols_inherit mobiles-cols_1 valign_top type_default stacking_default\"><div class=\"wpb_column vc_column_container\"><div class=\"vc_column-inner\"><div class=\"wpb_text_column\"><div class=\"wpb_wrapper\"><p><strong>Datenschutzerkl\u00e4rung und Informationspflichten nach DSGVO<\/strong><\/p>\n<p>Datenschutz und der Schutz Ihrer personenbezogenen Daten hat f\u00fcr uns oberste Priorit\u00e4t. Wir informieren Sie nachfolgend \u00fcber die Verarbeitung Ihrer personenbezogenen Daten auf unserer Internetseite. Die Verarbeitung personenbezogener Daten erfolgt im Einklang mit den Vorschriften des bis zum 24.05.2018 geltenden Bundesdatenschutzgesetzes (BDSG), des Telemediengesetzes (TMG) und der ab dem 25.05.2018 geltenden Datenschutz-Grundverordnung (DSGVO) sowie dem neuen Bundesdatenschutzgesetz (BDSG-neu).<\/p>\n<ol>\n<li><strong> Name und Anschrift des Verantwortlichen<\/strong><\/li>\n<\/ol>\n<p>TC RW Haren\/Ems von 1964 e.V.<br \/>\nRidderingsesch 62<br \/>\n49733 Haren<br \/>\nvertreten durch den Vorsitzenden Bernd Weitzel, 49733 Haren<br \/>\nE-Mail: berndweitzel(at)t-online.de<\/p>\n<ol start=\"2\">\n<li><strong> Verarbeitung personenbezogener Daten<\/strong><\/li>\n<\/ol>\n<p><strong>2.1 Bereitstellung der Webseite und Erstellung von Logfiles<\/strong><\/p>\n<p>F\u00fcr den blo\u00dfen Besuch unserer Internetseite und den Abruf der dort enthaltenen Informationen ist es nicht erforderlich, dass Sie personenbezogene Daten mitteilen.<br \/>\nWir erheben und verwenden w\u00e4hrend Ihres Besuchs unserer Internetseite nur Daten, die uns Ihr Internetbrowser automatisch \u00fcbermittelt:<\/p>\n<ul>\n<li>Datum und Uhrzeit des Abrufs einer unserer Internetseiten<\/li>\n<li>Ihren Browsertyp<\/li>\n<li>Ihre Browsereinstellungen<\/li>\n<li>Ihre IP-Adresse<\/li>\n<li>die von Ihnen besuchten Seiten<\/li>\n<\/ul>\n<p>Diese Daten nutzen wir, um Ihnen den Besuch unserer Seite technisch zu erm\u00f6glichen. Des Weiteren nutzen wir diese Daten zu statistischen Zwecken und um unsere Internetseite im Design und Layout zu verbessern. Die IP-Adresse speichern wir zu Zwecken der Gew\u00e4hrleistung und Aufrechterhaltung der IT-Sicherheit (z.B. Erkennung und Abwehr von sog. DOS-Angriffen) und der Funktionsf\u00e4higkeit.<br \/>\nRechtsgrundlage f\u00fcr die vor\u00fcbergehende Speicherung der Daten ist Art. 6 Abs. 1 Buchst. f DSGVO.<\/p>\n<p><strong>2.2 Personenbezogene Daten, Formulare<\/strong><\/p>\n<p>Personenbezogene Daten werden nur erfasst, wenn Sie diese freiwillig im Rahmen einer Kontaktanfrage angeben.<\/p>\n<p><strong>2.3 Kontaktformular<\/strong><\/p>\n<p>Bei Nutzung dieser M\u00f6glichkeit, werden die in der Eingabemaske eingegebenen Daten an uns \u00fcbermittelt und gespeichert. Folgende Daten werden erhoben:<br \/>\nAnrede, Vorname, Name, Firmenname, Strasse, PLZ, Ort, Land, Email-Adresse, Telefon-Nr., Telefax.<br \/>\nDie durch das Formular versendeten Daten werden verschl\u00fcsselt an uns \u00fcbertragen.Alternativ ist eine Kontaktaufnahme \u00fcber die bereitgestellte E-Mail-Adresse m\u00f6glich. In diesem Fall werden die mit der E-Mail \u00fcbermittelten personenbezogenen Daten des Nutzers gespeichert.<\/p>\n<p><strong>2.4 Zwecke und Rechtsgrundlagen f\u00fcr die Datenverarbeitung<\/strong><\/p>\n<p>Die Verarbeitung der personenbezogenen Daten aus der Eingabemaske dient uns allein zur Bearbeitung der Kontaktaufnahme. Im Falle einer Kontaktaufnahme per E-Mail liegt hieran auch das erforderliche berechtigte Interesse an der Verarbeitung der Daten.<br \/>\nRechtsgrundlage f\u00fcr die Verarbeitung der Daten, die im Zuge einer \u00dcbersendung einer E-Mail \u00fcbermittelt werden, ist Art. 6 Abs. 1 Buchst. f DSGVO. Zielt der E-Mail-Kontakt auf den Abschluss eines Vertrages ab, so ist zus\u00e4tzliche Rechtsgrundlage f\u00fcr die Verarbeitung Art. 6 Abs. 1 Buchst. b DSGVO.<\/p>\n<p><strong>2.5 Dauer der Speicherung<\/strong><\/p>\n<p>Kontaktformular: Entf\u00e4llt der Zweck zur Speicherung der Daten, werden die personenbezogenen Daten gesperrt oder gel\u00f6scht, solange gesetzliche Aufbewahrungspflichten dem nicht entgegenstehen.<\/p>\n<p><strong>2.6.Empf\u00e4nger oder Kategorien von Empf\u00e4ngern der Daten (sofern eine Daten\u00fcbermittlung stattfindet)<\/strong><\/p>\n<p>Innerhalb des Unternehmens erhalten diejenigen Abteilungen Ihre Daten, die diese zur Erf\u00fcllung Ihrer Anfrage ben\u00f6tigen.<\/p>\n<p><strong>2.7 Hinweise auf die Rechte der Betroffenen<\/strong><\/p>\n<p>Jeder betroffenen Person stehen folgende Datenschutzreche nach der DSGVO zu:<\/p>\n<ul>\n<li>Recht auf Auskunft nach Art. 15 DSGVO<\/li>\n<li>Recht zur Berichtigung unrichtiger Daten nach Art. 16 DSGVO<\/li>\n<li>Recht auf L\u00f6schung nach Art. 17 DSGVO<\/li>\n<li>Recht auf Einschr\u00e4nkung der Verarbeitung nach Art. 18 DSGVO<\/li>\n<li>Recht auf Daten\u00fcbertragbarkeit nach Art. 20 DSGVO<\/li>\n<li>Recht auf Widerspruch nach Art. 21 DSGVO<\/li>\n<\/ul>\n<p>Zur Aus\u00fcbung Ihrer o.a. Rechte sowie dem Widerruf einer erteilten Einwilligung wenden Sie sich bitte an die im Impressum angegebene E-Mail Adresse.<\/p>\n<p>Sie haben das Recht auf Beschwerde bei einer Aufsichtsbeh\u00f6rde. Sie k\u00f6nnen dieses Recht bei einer Aufsichtsbeh\u00f6rde in dem Mitgliedstaat Ihres Aufenthaltsorts, ihres Arbeitsplatzes, oder des Orts des mutma\u00dflichen Versto\u00dfes geltend machen. Bevor\u00a0Sie sich mit einer Beschwerde an die zust\u00e4ndige Aufsichtsbeh\u00f6rde wenden, m\u00f6chten wir Sie bitten, diese Angelegenheit mit unserem Datenschutzbeauftragten zu kl\u00e4ren.<\/p>\n<p><strong>2.8 Geplante Daten\u00fcbermittlung in Drittstaaten<\/strong><\/p>\n<p>Derzeit findet keine Daten\u00fcbermittlung in Drittstaaten statt und ist auch zuk\u00fcnftig nicht geplant.<\/p>\n<ol start=\"3\">\n<li><strong> Einsatz von Cookies<\/strong><\/li>\n<\/ol>\n<p>Auf unserer Internetseite setzen wir sogenannte \u201eCookies\u201c ein. Hierbei handelt es sich um kleine Textdateien, die von unserem Webserver an Ihren Computer gesendet werden, um diesen f\u00fcr die Dauer des Besuchs zu identifizieren. \u00dcber diese Cookies erfassen wir keine personenbezogenen Daten.<br \/>\nDie Darstellung unserer Internetseite ist auch ohne die Speicherung von Cookies m\u00f6glich. Sie k\u00f6nnen das Speichern von Cookies in den Einstellungen Ihres Browser deaktivieren oder diesen so einstellen, dass er Sie \u00fcber die beabsichtigte Speicherung durch eine Internetseite informiert. In diesem Fall entscheiden Sie \u00fcber die Annahme des Cookies. F\u00fcr den vollen Funktionsumfang unserer Internetseite ist es allerdings aus technischen Gr\u00fcnden erforderlich, die tempor\u00e4ren Cookies vollst\u00e4ndig zuzulassen.<\/p>\n<ol start=\"4\">\n<li><strong> Sicherheitsma\u00dfnahmen<\/strong><\/li>\n<\/ol>\n<p>Wir setzen technische und organisatorische Sicherheitsma\u00dfnahmen ein, um personenbezogene Daten zu sch\u00fctzen, insb. gegen zuf\u00e4llige oder vors\u00e4tzliche Manipulation, Verlust, Zerst\u00f6rung oder gegen den Zugriff unberechtigter Personen. Unsere Sicherheitsma\u00dfnahmen werden entsprechend der technologischen Entwicklung fortlaufend verbessert. Wir weisen darauf hin, dass es bei der \u00dcbermittlung von Daten im Internet trotz aller Sicherheitsma\u00dfnahmen dazu kommen kann, dass Dritte diese Daten zur Kenntnis nehmen oder verf\u00e4lschen.<\/p>\n<ol start=\"5\">\n<li><strong> Kontakt<\/strong><\/li>\n<\/ol>\n<p>Sollten Sie Fragen und Anregungen zu dieser Datenschutzerkl\u00e4rung haben, wenden Sie sich bitte an die im Impressum angegebene Kontaktadresse.<\/p>\n<ol start=\"6\">\n<li><strong> Aktualisierung unserer Datenschutzrichtlinien<\/strong><\/li>\n<\/ol>\n<p>Die laufende technische Weiterentwicklung im Bereich der IT-Technologie und des Internets bedingt auch eine Anpassung der bestehenden Datenschutzerkl\u00e4rung. Wir behalten uns daher das Recht vor, Erg\u00e4nzungen oder \u00c4nderungen an der vorliegenden Datenschutzerkl\u00e4rung vorzunehmen.<\/p>\n<p>&nbsp;<\/p>\n<\/div><\/div><\/div><\/div><\/div><\/div><\/section>\n","protected":false},"excerpt":{"rendered":"","protected":false},"author":1,"featured_media":0,"parent":0,"menu_order":0,"comment_status":"closed","ping_status":"closed","template":"","meta":{"footnotes":""},"class_list":["post-693","page","type-page","status-publish","hentry"],"_links":{"self":[{"href":"https:\/\/tcrwharen.de\/index.php\/wp-json\/wp\/v2\/pages\/693","targetHints":{"allow":["GET"]}}],"collection":[{"href":"https:\/\/tcrwharen.de\/index.php\/wp-json\/wp\/v2\/pages"}],"about":[{"href":"https:\/\/tcrwharen.de\/index.php\/wp-json\/wp\/v2\/types\/page"}],"author":[{"embeddable":true,"href":"https:\/\/tcrwharen.de\/index.php\/wp-json\/wp\/v2\/users\/1"}],"replies":[{"embeddable":true,"href":"https:\/\/tcrwharen.de\/index.php\/wp-json\/wp\/v2\/comments?post=693"}],"version-history":[{"count":2,"href":"https:\/\/tcrwharen.de\/index.php\/wp-json\/wp\/v2\/pages\/693\/revisions"}],"predecessor-version":[{"id":881,"href":"https:\/\/tcrwharen.de\/index.php\/wp-json\/wp\/v2\/pages\/693\/revisions\/881"}],"wp:attachment":[{"href":"https:\/\/tcrwharen.de\/index.php\/wp-json\/wp\/v2\/media?parent=693"}],"curies":[{"name":"wp","href":"https:\/\/api.w.org\/{rel}","templated":true}]}}