{"id":1195,"date":"2019-05-21T16:31:14","date_gmt":"2019-05-21T14:31:14","guid":{"rendered":"https:\/\/tcrwharen.de\/?page_id=1195"},"modified":"2025-03-04T16:22:57","modified_gmt":"2025-03-04T15:22:57","slug":"archiv","status":"publish","type":"page","link":"https:\/\/tcrwharen.de\/index.php\/mannschaften\/archiv\/","title":{"rendered":"Archiv"},"content":{"rendered":"<section class=\"l-section wpb_row height_medium\"><div class=\"l-section-h i-cf\"><div class=\"g-cols vc_row via_grid cols_1 laptops-cols_inherit tablets-cols_inherit mobiles-cols_1 valign_top type_default stacking_default\"><div class=\"wpb_column vc_column_container\"><div class=\"vc_column-inner\"><div class=\"wpb_text_column\"><div class=\"wpb_wrapper\"><h1 style=\"text-align: center;\"><b>Hier findet ihr Bilder aus alten Zeiten \ud83d\ude09<\/b><span id=\"more-1195\"><\/span><!--more--><\/h1>\n<\/div><\/div><div class=\"w-separator size_small with_line width_default thick_1 style_solid color_border align_center with_text with_content\"><div class=\"w-separator-h\"><h6 class=\"w-separator-text\"><span>Herren<\/span><\/h6><\/div><\/div><\/div><\/div><\/div><\/div><\/section><section class=\"l-section wpb_row height_medium\" id=\"2018\"><div class=\"l-section-h i-cf\"><div class=\"g-cols vc_row via_grid cols_2 laptops-cols_inherit tablets-cols_inherit mobiles-cols_1 valign_top type_default stacking_default\"><div class=\"wpb_column vc_column_container\"><div class=\"vc_column-inner\"><div class=\"wpb_text_column\"><div class=\"wpb_wrapper\"><h4 style=\"text-align: center;\"><strong>Herren 30 Bezirksklasse &#8211; 2014<\/strong><\/h4>\n<p class=\"auto-style81\" style=\"text-align: center;\">Von links: \u00a0 Dirk Gerdelmann, Thomas Eiken, Jens Holt, Martin Esders, Werner P\u00f6ttker, Wilfried P\u00f6ttker, J\u00f6rg Leugers, Wilfried Menke, Thomas Sch\u00fcer<\/p>\n<p class=\"auto-style81\" style=\"text-align: center;\">Es fehlt: \u00a0\u00a0\u00a0\u00a0\u00a0 Holger H\u00fcsers<\/p>\n<\/div><\/div><div class=\"w-image align_center\"><a href=\"https:\/\/tcrwharen.de\/wp-content\/uploads\/2018\/04\/imgC-1.jpg\" ref=\"magnificPopup\" aria-label=\"Link\" class=\"w-image-h\"><img loading=\"lazy\" decoding=\"async\" width=\"429\" height=\"241\" src=\"https:\/\/tcrwharen.de\/wp-content\/uploads\/2018\/04\/imgC-1.jpg\" class=\"attachment-large size-large\" alt=\"\" srcset=\"https:\/\/tcrwharen.de\/wp-content\/uploads\/2018\/04\/imgC-1.jpg 429w, https:\/\/tcrwharen.de\/wp-content\/uploads\/2018\/04\/imgC-1-300x169.jpg 300w\" sizes=\"auto, (max-width: 429px) 100vw, 429px\" \/><\/a><\/div><\/div><\/div><div class=\"wpb_column vc_column_container\"><div class=\"vc_column-inner\"><div class=\"wpb_text_column\"><div class=\"wpb_wrapper\"><h4 style=\"text-align: center;\"><b> Herren Bezirksklasse &#8211; 2014<br \/><\/b><\/h4>\n<p style=\"text-align: center;\">Von links: Matthias Hagen, Jonas Menke, Tobias Gertzen, Lucas Wittstruck, Josef Jansen<\/p>\n<\/div><\/div><div class=\"w-image align_center\"><a href=\"https:\/\/tcrwharen.de\/wp-content\/uploads\/2018\/04\/imgD-1.jpg\" ref=\"magnificPopup\" aria-label=\"Link\" class=\"w-image-h\"><img loading=\"lazy\" decoding=\"async\" width=\"429\" height=\"193\" src=\"https:\/\/tcrwharen.de\/wp-content\/uploads\/2018\/04\/imgD-1.jpg\" class=\"attachment-large size-large\" alt=\"\" srcset=\"https:\/\/tcrwharen.de\/wp-content\/uploads\/2018\/04\/imgD-1.jpg 429w, https:\/\/tcrwharen.de\/wp-content\/uploads\/2018\/04\/imgD-1-300x135.jpg 300w\" sizes=\"auto, (max-width: 429px) 100vw, 429px\" \/><\/a><\/div><\/div><\/div><\/div><\/div><\/section><section class=\"l-section wpb_row height_medium\"><div class=\"l-section-h i-cf\"><div class=\"g-cols vc_row via_grid cols_custom laptops-cols_inherit tablets-cols_inherit mobiles-cols_1 valign_top type_default stacking_default\" style=\"--custom-columns:3fr 3fr 6fr \"><div class=\"wpb_column vc_column_container\"><div class=\"vc_column-inner\"><div class=\"wpb_text_column\"><div class=\"wpb_wrapper\"><h4 style=\"text-align: center;\"><strong>Herren 50 I Verbandsklasse &#8211; 2016<br \/><\/strong><\/h4>\n<p style=\"text-align: center;\">Von links: Helmut D\u00fcllmann, Heiner B\u00fcter, Hermann Kramer, Willi Fenslage, Peter Meentken<\/p>\n<\/div><\/div><div class=\"w-image align_center\"><div class=\"w-image-h\"><img loading=\"lazy\" decoding=\"async\" width=\"429\" height=\"188\" src=\"https:\/\/tcrwharen.de\/wp-content\/uploads\/2018\/04\/imgE-1.jpg\" class=\"attachment-large size-large\" alt=\"\" srcset=\"https:\/\/tcrwharen.de\/wp-content\/uploads\/2018\/04\/imgE-1.jpg 429w, https:\/\/tcrwharen.de\/wp-content\/uploads\/2018\/04\/imgE-1-300x131.jpg 300w\" sizes=\"auto, (max-width: 429px) 100vw, 429px\" \/><\/div><\/div><\/div><\/div><div class=\"wpb_column vc_column_container\"><div class=\"vc_column-inner\"><div class=\"wpb_text_column\"><div class=\"wpb_wrapper\"><h4 style=\"text-align: center;\"><strong>Herren 50 II Regionsklasse &#8211; 2014<\/strong><\/h4>\n<p style=\"text-align: center;\">Von links: Toni Held, G\u00fcnther Telkmann, Bernd Neehoff, Hermann Specken, Tim Kiepe, Werner Tiek, Richard Stelmarczyk, Dieter Gertzen, Heinz Esders, Heinz Griep<\/p>\n<\/div><\/div><div class=\"w-image align_center\"><div class=\"w-image-h\"><img loading=\"lazy\" decoding=\"async\" width=\"391\" height=\"229\" src=\"https:\/\/tcrwharen.de\/wp-content\/uploads\/2018\/04\/imgF-1-1.jpg\" class=\"attachment-large size-large\" alt=\"\" srcset=\"https:\/\/tcrwharen.de\/wp-content\/uploads\/2018\/04\/imgF-1-1.jpg 391w, https:\/\/tcrwharen.de\/wp-content\/uploads\/2018\/04\/imgF-1-1-300x176.jpg 300w\" sizes=\"auto, (max-width: 391px) 100vw, 391px\" \/><\/div><\/div><\/div><\/div><div class=\"wpb_column vc_column_container\"><div class=\"vc_column-inner\"><div class=\"wpb_text_column\"><div class=\"wpb_wrapper\"><h4 style=\"text-align: center;\"><strong>Herren &#8211; 1991<br \/><\/strong><\/h4>\n<p style=\"text-align: center;\">Markus Haselhoff, Kai Rouwen, Wilfried P\u00f6ttker, Wilfried Menke, Stefan Rouwen, Jan Sch\u00f6ning, Heinz Esders, Werner P\u00f6ttker<\/p>\n<\/div><\/div><div class=\"w-image align_center\"><div class=\"w-image-h\"><img loading=\"lazy\" decoding=\"async\" width=\"1024\" height=\"768\" src=\"https:\/\/tcrwharen.de\/wp-content\/uploads\/2019\/08\/1991-Herren-klein-1024x768.jpg\" class=\"attachment-large size-large\" alt=\"\" srcset=\"https:\/\/tcrwharen.de\/wp-content\/uploads\/2019\/08\/1991-Herren-klein-1024x768.jpg 1024w, https:\/\/tcrwharen.de\/wp-content\/uploads\/2019\/08\/1991-Herren-klein-300x225.jpg 300w, https:\/\/tcrwharen.de\/wp-content\/uploads\/2019\/08\/1991-Herren-klein-600x450.jpg 600w, https:\/\/tcrwharen.de\/wp-content\/uploads\/2019\/08\/1991-Herren-klein-768x576.jpg 768w\" sizes=\"auto, (max-width: 1024px) 100vw, 1024px\" \/><\/div><\/div><\/div><\/div><\/div><\/div><\/section><section class=\"l-section wpb_row height_medium\"><div class=\"l-section-h i-cf\"><div class=\"g-cols vc_row via_grid cols_custom laptops-cols_inherit tablets-cols_inherit mobiles-cols_1 valign_top type_default stacking_default\" style=\"--custom-columns:3fr 3fr 6fr\"><div class=\"wpb_column vc_column_container\"><div class=\"vc_column-inner\"><div class=\"wpb_text_column\"><div class=\"wpb_wrapper\"><h4 style=\"text-align: center;\"><strong>Herren 65 Verbandsliga &#8211; 2016<br \/><\/strong><\/h4>\n<p style=\"text-align: center;\">Von links: Bernd Schw\u00e4nen, Bernd Rudzinki, Jan Geering, Bernd Koormann, Bernd Weitzel, Werner Grandau<\/p>\n<\/div><\/div><div class=\"w-image align_center\"><div class=\"w-image-h\"><img loading=\"lazy\" decoding=\"async\" width=\"429\" height=\"264\" src=\"https:\/\/tcrwharen.de\/wp-content\/uploads\/2018\/04\/img10-1-1.jpg\" class=\"attachment-large size-large\" alt=\"\" srcset=\"https:\/\/tcrwharen.de\/wp-content\/uploads\/2018\/04\/img10-1-1.jpg 429w, https:\/\/tcrwharen.de\/wp-content\/uploads\/2018\/04\/img10-1-1-300x185.jpg 300w\" sizes=\"auto, (max-width: 429px) 100vw, 429px\" \/><\/div><\/div><\/div><\/div><div class=\"wpb_column vc_column_container\"><div class=\"vc_column-inner\"><div class=\"wpb_text_column\"><div class=\"wpb_wrapper\"><h4 style=\"text-align: center;\"><strong>Herren\u00a0 &#8211; 1990<br \/><\/strong><\/h4>\n<p style=\"text-align: center;\">Jan Sch\u00f6ning, Markus Haselhoff, Wilfried Menke, Kai Rouwen, Heinz Esders, Werner P\u00f6ttker, Stefan Rouwen, Wilfried P\u00f6ttker<\/p>\n<\/div><\/div><div class=\"w-image align_none\"><div class=\"w-image-h\"><img loading=\"lazy\" decoding=\"async\" width=\"1024\" height=\"768\" src=\"https:\/\/tcrwharen.de\/wp-content\/uploads\/2019\/08\/1990-Herren-klein-1024x768.jpg\" class=\"attachment-large size-large\" alt=\"\" srcset=\"https:\/\/tcrwharen.de\/wp-content\/uploads\/2019\/08\/1990-Herren-klein-1024x768.jpg 1024w, https:\/\/tcrwharen.de\/wp-content\/uploads\/2019\/08\/1990-Herren-klein-300x225.jpg 300w, https:\/\/tcrwharen.de\/wp-content\/uploads\/2019\/08\/1990-Herren-klein-600x450.jpg 600w, https:\/\/tcrwharen.de\/wp-content\/uploads\/2019\/08\/1990-Herren-klein-768x576.jpg 768w\" sizes=\"auto, (max-width: 1024px) 100vw, 1024px\" \/><\/div><\/div><\/div><\/div><\/div><\/div><\/section><section class=\"l-section wpb_row height_medium\"><div class=\"l-section-h i-cf\"><div class=\"g-cols vc_row via_grid cols_custom laptops-cols_inherit tablets-cols_inherit mobiles-cols_1 valign_top type_default stacking_default\" style=\"--custom-columns:3fr 3fr 6fr \"><div class=\"wpb_column vc_column_container\"><div class=\"vc_column-inner\"><div class=\"wpb_text_column\"><div class=\"wpb_wrapper\"><h4 style=\"text-align: center;\"><strong>Damen 50 Verbandsklasse &#8211; 2018<br \/><\/strong><\/h4>\n<p style=\"text-align: center;\">Sitzend von links:Angela Koormann Ingrid Geering Maria Bauken<\/p>\n<p style=\"text-align: center;\">Hintere Reihe von links: Monika Meer Maria Bippen Dieni Fenslage Brigitte Wolf<\/p>\n<\/div><\/div><div class=\"w-image align_center\"><div class=\"w-image-h\"><img loading=\"lazy\" decoding=\"async\" width=\"768\" height=\"1024\" src=\"https:\/\/tcrwharen.de\/wp-content\/uploads\/2019\/06\/2019-Damen-55-1_IMG_0965-klein-e1559662751627-768x1024.jpg\" class=\"attachment-large size-large\" alt=\"\" srcset=\"https:\/\/tcrwharen.de\/wp-content\/uploads\/2019\/06\/2019-Damen-55-1_IMG_0965-klein-e1559662751627-768x1024.jpg 768w, https:\/\/tcrwharen.de\/wp-content\/uploads\/2019\/06\/2019-Damen-55-1_IMG_0965-klein-e1559662751627-225x300.jpg 225w, https:\/\/tcrwharen.de\/wp-content\/uploads\/2019\/06\/2019-Damen-55-1_IMG_0965-klein-e1559662751627-600x800.jpg 600w, https:\/\/tcrwharen.de\/wp-content\/uploads\/2019\/06\/2019-Damen-55-1_IMG_0965-klein-e1559662751627.jpg 1224w\" sizes=\"auto, (max-width: 768px) 100vw, 768px\" \/><\/div><\/div><\/div><\/div><\/div><\/div><\/section><section class=\"l-section wpb_row height_medium\"><div class=\"l-section-h i-cf\"><div class=\"g-cols vc_row via_grid cols_custom laptops-cols_inherit tablets-cols_inherit mobiles-cols_1 valign_top type_default stacking_default\" style=\"--custom-columns:3fr 3fr 6fr \"><div class=\"wpb_column vc_column_container\"><div class=\"vc_column-inner\"><div class=\"wpb_text_column\"><div class=\"wpb_wrapper\"><h4 style=\"text-align: center;\"><strong>Damen Bezirksliga &#8211; 2014<br \/><\/strong><\/h4>\n<p style=\"text-align: center;\">Von links: Laura Kramer, Julia Fehrmann, Corinna Kramer, Pia Albers,\u00a0 Johanna Held<\/p>\n<\/div><\/div><div class=\"w-image align_center\"><div class=\"w-image-h\"><img loading=\"lazy\" decoding=\"async\" width=\"428\" height=\"216\" src=\"https:\/\/tcrwharen.de\/wp-content\/uploads\/2018\/04\/img9-1-1.jpg\" class=\"attachment-large size-large\" alt=\"\" srcset=\"https:\/\/tcrwharen.de\/wp-content\/uploads\/2018\/04\/img9-1-1.jpg 428w, https:\/\/tcrwharen.de\/wp-content\/uploads\/2018\/04\/img9-1-1-300x151.jpg 300w\" sizes=\"auto, (max-width: 428px) 100vw, 428px\" \/><\/div><\/div><\/div><\/div><div class=\"wpb_column vc_column_container\"><div class=\"vc_column-inner\"><div class=\"wpb_text_column\"><div class=\"wpb_wrapper\"><h4 style=\"text-align: center;\"><strong>Damen 30 Regionsliga &#8211; 2014<\/strong><\/h4>\n<p style=\"text-align: center;\">Von links: Karin Kupka ,Claudia de Witt, Christina M\u00f6ller, Katrin Kiepe, Marion Mecklenborg, Inge J\u00fcngerhans, Bianca Manning, Irene Kla\u00dfen<\/p>\n<\/div><\/div><div class=\"w-image align_center\"><div class=\"w-image-h\"><img loading=\"lazy\" decoding=\"async\" width=\"391\" height=\"253\" src=\"https:\/\/tcrwharen.de\/wp-content\/uploads\/2018\/04\/imgA-1-1.jpg\" class=\"attachment-large size-large\" alt=\"\" srcset=\"https:\/\/tcrwharen.de\/wp-content\/uploads\/2018\/04\/imgA-1-1.jpg 391w, https:\/\/tcrwharen.de\/wp-content\/uploads\/2018\/04\/imgA-1-1-300x194.jpg 300w\" sizes=\"auto, (max-width: 391px) 100vw, 391px\" \/><\/div><\/div><\/div><\/div><\/div><\/div><\/section><section class=\"l-section wpb_row height_medium\"><div class=\"l-section-h i-cf\"><div class=\"g-cols vc_row via_grid cols_custom laptops-cols_inherit tablets-cols_inherit mobiles-cols_1 valign_top type_default stacking_default\" style=\"--custom-columns:3fr 3fr 6fr \"><div class=\"wpb_column vc_column_container\"><div class=\"vc_column-inner\"><div class=\"wpb_text_column\"><div class=\"wpb_wrapper\"><h4 style=\"text-align: center;\"><strong>Damen 40 I Bezirksliga &#8211; 2014<br \/><\/strong><\/h4>\n<p style=\"text-align: center;\">Von links: Anne Fehren-Sibum, Karin Wagner, Marlies Dopp, Maria Pricker, Anne Plagge, Elisabeth Kramer, Maria Husmann, Irmgard Tieben, Lisa Menke, Maria D\u00fcllmann, Magdalene Hagen, Angelika Specken, Angela Meentken<\/p>\n<\/div><\/div><div class=\"w-image align_center\"><div class=\"w-image-h\"><img loading=\"lazy\" decoding=\"async\" width=\"429\" height=\"242\" src=\"https:\/\/tcrwharen.de\/wp-content\/uploads\/2018\/04\/img7-1-1.jpg\" class=\"attachment-large size-large\" alt=\"\" srcset=\"https:\/\/tcrwharen.de\/wp-content\/uploads\/2018\/04\/img7-1-1.jpg 429w, https:\/\/tcrwharen.de\/wp-content\/uploads\/2018\/04\/img7-1-1-300x169.jpg 300w\" sizes=\"auto, (max-width: 429px) 100vw, 429px\" \/><\/div><\/div><\/div><\/div><div class=\"wpb_column vc_column_container\"><div class=\"vc_column-inner\"><div class=\"wpb_text_column\"><div class=\"wpb_wrapper\"><h4 style=\"text-align: center;\"><strong>Damen 40 II Bezirksliga &#8211; 2014<\/strong><\/h4>\n<p style=\"text-align: center;\">Von links: Karin Kupka ,Claudia de Witt, Christina M\u00f6ller, Katrin Kiepe, Marion Mecklenborg, Inge J\u00fcngerhans, Bianca Manning, Irene Kla\u00dfen<\/p>\n<\/div><\/div><div class=\"w-image align_center\"><div class=\"w-image-h\"><img loading=\"lazy\" decoding=\"async\" width=\"429\" height=\"224\" src=\"https:\/\/tcrwharen.de\/wp-content\/uploads\/2018\/04\/img8-1-1.jpg\" class=\"attachment-large size-large\" alt=\"\" srcset=\"https:\/\/tcrwharen.de\/wp-content\/uploads\/2018\/04\/img8-1-1.jpg 429w, https:\/\/tcrwharen.de\/wp-content\/uploads\/2018\/04\/img8-1-1-300x157.jpg 300w\" sizes=\"auto, (max-width: 429px) 100vw, 429px\" \/><\/div><\/div><\/div><\/div><\/div><\/div><\/section><section class=\"l-section wpb_row height_medium\"><div class=\"l-section-h i-cf\"><div class=\"g-cols vc_row via_grid cols_custom laptops-cols_inherit tablets-cols_inherit mobiles-cols_1 valign_top type_default stacking_default\" style=\"--custom-columns:3fr 3fr 6fr\"><div class=\"wpb_column vc_column_container\"><div class=\"vc_column-inner\"><div class=\"wpb_text_column\"><div class=\"wpb_wrapper\"><h4 style=\"text-align: center;\"><strong>Damen 50 Landesliga &#8211; 2014<br \/><\/strong><\/h4>\n<p style=\"text-align: center;\">Von links: Maria Bippen, Ingrid Geering, Monika Meer, Angela Koormann, Maria Bauken<\/p>\n<\/div><\/div><div class=\"w-image align_center\"><div class=\"w-image-h\"><img loading=\"lazy\" decoding=\"async\" width=\"429\" height=\"256\" src=\"https:\/\/tcrwharen.de\/wp-content\/uploads\/2018\/04\/imgB-1-1.jpg\" class=\"attachment-large size-large\" alt=\"\" srcset=\"https:\/\/tcrwharen.de\/wp-content\/uploads\/2018\/04\/imgB-1-1.jpg 429w, https:\/\/tcrwharen.de\/wp-content\/uploads\/2018\/04\/imgB-1-1-300x179.jpg 300w\" sizes=\"auto, (max-width: 429px) 100vw, 429px\" \/><\/div><\/div><\/div><\/div><\/div><\/div><\/section><section class=\"l-section wpb_row height_medium\"><div class=\"l-section-h i-cf\"><div class=\"g-cols vc_row via_grid cols_custom laptops-cols_inherit tablets-cols_inherit mobiles-cols_1 valign_top type_default stacking_default\" style=\"--custom-columns:3fr 3fr 6fr \"><div class=\"wpb_column vc_column_container\"><div class=\"vc_column-inner\"><div class=\"wpb_text_column\"><div class=\"wpb_wrapper\"><h4 style=\"text-align: center;\"><strong>Junioren A &#8211; 2014<br \/><\/strong><\/h4>\n<p style=\"text-align: center;\">Nils Lammers,Rene Steffens, Tim Kla\u00dfen, Sven Stele. Betreuer Irene Kla\u00dfen und Simon Wittstruck (J\u00fcngstenwart).<\/p>\n<\/div><\/div><div class=\"w-image align_center\"><div class=\"w-image-h\"><img loading=\"lazy\" decoding=\"async\" width=\"372\" height=\"279\" src=\"https:\/\/tcrwharen.de\/wp-content\/uploads\/2018\/04\/Nils-LammersRene-Steffens-Tim-Klassen-Sven-Stele_25-06-2017.jpg\" class=\"attachment-large size-large\" alt=\"\" srcset=\"https:\/\/tcrwharen.de\/wp-content\/uploads\/2018\/04\/Nils-LammersRene-Steffens-Tim-Klassen-Sven-Stele_25-06-2017.jpg 372w, https:\/\/tcrwharen.de\/wp-content\/uploads\/2018\/04\/Nils-LammersRene-Steffens-Tim-Klassen-Sven-Stele_25-06-2017-300x225.jpg 300w\" sizes=\"auto, (max-width: 372px) 100vw, 372px\" \/><\/div><\/div><\/div><\/div><\/div><\/div><\/section><section class=\"l-section wpb_row height_medium\"><div class=\"l-section-h i-cf\"><div class=\"g-cols vc_row via_grid cols_custom laptops-cols_inherit tablets-cols_inherit mobiles-cols_1 valign_top type_default stacking_default\" style=\"--custom-columns:3fr 3fr 6fr \"><div class=\"wpb_column vc_column_container\"><div class=\"vc_column-inner\"><div class=\"wpb_text_column\"><div class=\"wpb_wrapper\"><h4 style=\"text-align: center;\"><strong>Junioren B &#8211; 2021<\/strong><\/h4>\n<p style=\"text-align: center;\">Max Weitzel, Stanley Aschurkow, Jannes P\u00f6ttker<\/p>\n<\/div><\/div><div class=\"w-image align_center\"><div class=\"w-image-h\"><img loading=\"lazy\" decoding=\"async\" width=\"1024\" height=\"768\" src=\"https:\/\/tcrwharen.de\/wp-content\/uploads\/2021\/07\/2021-Junioren-B-angepasst-1024x768.jpg\" class=\"attachment-large size-large\" alt=\"\" srcset=\"https:\/\/tcrwharen.de\/wp-content\/uploads\/2021\/07\/2021-Junioren-B-angepasst-1024x768.jpg 1024w, https:\/\/tcrwharen.de\/wp-content\/uploads\/2021\/07\/2021-Junioren-B-angepasst-300x225.jpg 300w, https:\/\/tcrwharen.de\/wp-content\/uploads\/2021\/07\/2021-Junioren-B-angepasst-600x450.jpg 600w, https:\/\/tcrwharen.de\/wp-content\/uploads\/2021\/07\/2021-Junioren-B-angepasst-768x576.jpg 768w\" sizes=\"auto, (max-width: 1024px) 100vw, 1024px\" \/><\/div><\/div><\/div><\/div><div class=\"wpb_column vc_column_container\"><div class=\"vc_column-inner\"><\/div><\/div><\/div><\/div><\/section><section class=\"l-section wpb_row height_medium\"><div class=\"l-section-h i-cf\"><div class=\"g-cols vc_row via_grid cols_custom laptops-cols_inherit tablets-cols_inherit mobiles-cols_1 valign_top type_default stacking_default\" style=\"--custom-columns:3fr 3fr 6fr \"><div class=\"wpb_column vc_column_container\"><div class=\"vc_column-inner\"><div class=\"wpb_text_column\"><div class=\"wpb_wrapper\"><h4 style=\"text-align: center;\"><strong>Midcourt 2019<br \/><\/strong><\/h4>\n<p style=\"text-align: center;\"><span class=\"style121\">Stanley Aschurkow, Max Weitzel, Jannes P\u00f6ttker<\/span><\/p>\n<\/div><\/div><div class=\"w-image align_center\"><div class=\"w-image-h\"><img loading=\"lazy\" decoding=\"async\" width=\"1024\" height=\"789\" src=\"https:\/\/tcrwharen.de\/wp-content\/uploads\/2019\/04\/2019-Mannschaftsfoto-Junioren-C-quer-IMG_3208-V2-e1557748195468-1024x789.jpg\" class=\"attachment-large size-large\" alt=\"\" srcset=\"https:\/\/tcrwharen.de\/wp-content\/uploads\/2019\/04\/2019-Mannschaftsfoto-Junioren-C-quer-IMG_3208-V2-e1557748195468-1024x789.jpg 1024w, https:\/\/tcrwharen.de\/wp-content\/uploads\/2019\/04\/2019-Mannschaftsfoto-Junioren-C-quer-IMG_3208-V2-e1557748195468-300x231.jpg 300w, https:\/\/tcrwharen.de\/wp-content\/uploads\/2019\/04\/2019-Mannschaftsfoto-Junioren-C-quer-IMG_3208-V2-e1557748195468-600x463.jpg 600w, https:\/\/tcrwharen.de\/wp-content\/uploads\/2019\/04\/2019-Mannschaftsfoto-Junioren-C-quer-IMG_3208-V2-e1557748195468-768x592.jpg 768w, https:\/\/tcrwharen.de\/wp-content\/uploads\/2019\/04\/2019-Mannschaftsfoto-Junioren-C-quer-IMG_3208-V2-e1557748195468.jpg 1991w\" sizes=\"auto, (max-width: 1024px) 100vw, 1024px\" \/><\/div><\/div><\/div><\/div><div class=\"wpb_column vc_column_container\"><div class=\"vc_column-inner\"><div class=\"wpb_text_column\"><div class=\"wpb_wrapper\"><h4 style=\"text-align: center;\"><strong>Kleinfeld 2019<\/strong><\/h4>\n<p style=\"text-align: center;\">Justus P\u00f6ttker, Leon Veenker, Finn P\u00f6ttker, Ben Dewner<\/p>\n<\/div><\/div><div class=\"w-image align_center\"><div class=\"w-image-h\"><img loading=\"lazy\" decoding=\"async\" width=\"1024\" height=\"768\" src=\"https:\/\/tcrwharen.de\/wp-content\/uploads\/2019\/07\/2019-Talentino-1-Nr-4-IMG_3593-v2-1024x768.jpg\" class=\"attachment-large size-large\" alt=\"\" srcset=\"https:\/\/tcrwharen.de\/wp-content\/uploads\/2019\/07\/2019-Talentino-1-Nr-4-IMG_3593-v2-1024x768.jpg 1024w, https:\/\/tcrwharen.de\/wp-content\/uploads\/2019\/07\/2019-Talentino-1-Nr-4-IMG_3593-v2-300x225.jpg 300w, https:\/\/tcrwharen.de\/wp-content\/uploads\/2019\/07\/2019-Talentino-1-Nr-4-IMG_3593-v2-600x450.jpg 600w, https:\/\/tcrwharen.de\/wp-content\/uploads\/2019\/07\/2019-Talentino-1-Nr-4-IMG_3593-v2-768x576.jpg 768w, https:\/\/tcrwharen.de\/wp-content\/uploads\/2019\/07\/2019-Talentino-1-Nr-4-IMG_3593-v2.jpg 1632w\" sizes=\"auto, (max-width: 1024px) 100vw, 1024px\" \/><\/div><\/div><\/div><\/div><div class=\"wpb_column vc_column_container\"><div class=\"vc_column-inner\"><\/div><\/div><\/div><\/div><\/section><section class=\"l-section wpb_row height_medium\"><div class=\"l-section-h i-cf\"><div class=\"g-cols vc_row via_grid cols_custom laptops-cols_inherit tablets-cols_inherit mobiles-cols_1 valign_top type_default stacking_default\" style=\"--custom-columns:3fr 3fr 6fr \"><div class=\"wpb_column vc_column_container\"><div class=\"vc_column-inner\"><div class=\"wpb_text_column\"><div class=\"wpb_wrapper\"><h4 style=\"text-align: center;\"><strong>Juniorinnen B &#8211; 2014<br \/><\/strong><\/h4>\n<p style=\"text-align: center;\"><span class=\"style121\">Julia Schultalbers, Neele Germer, Sina Schaper<\/span><\/p>\n<\/div><\/div><div class=\"w-image align_center\"><div class=\"w-image-h\"><img loading=\"lazy\" decoding=\"async\" width=\"279\" height=\"399\" src=\"https:\/\/tcrwharen.de\/wp-content\/uploads\/2018\/04\/Julia-Schultalbers-Neele-Germer-Sina-Schaper_25-06-2017.jpg\" class=\"attachment-large size-large\" alt=\"\" srcset=\"https:\/\/tcrwharen.de\/wp-content\/uploads\/2018\/04\/Julia-Schultalbers-Neele-Germer-Sina-Schaper_25-06-2017.jpg 279w, https:\/\/tcrwharen.de\/wp-content\/uploads\/2018\/04\/Julia-Schultalbers-Neele-Germer-Sina-Schaper_25-06-2017-210x300.jpg 210w\" sizes=\"auto, (max-width: 279px) 100vw, 279px\" \/><\/div><\/div><\/div><\/div><div class=\"wpb_column vc_column_container\"><div class=\"vc_column-inner\"><div class=\"wpb_text_column\"><div class=\"wpb_wrapper\"><h4 style=\"text-align: center;\"><strong>Juniorinnen C &#8211; 2014<\/strong><\/h4>\n<p style=\"text-align: center;\">Mia Koormann,Lisa Bolmer, Lara Schultalbers<br \/>Betreuerin: Fr. Bolmer<\/p>\n<\/div><\/div><div class=\"w-image align_center\"><div class=\"w-image-h\"><img loading=\"lazy\" decoding=\"async\" width=\"279\" height=\"392\" src=\"https:\/\/tcrwharen.de\/wp-content\/uploads\/2018\/04\/Mia-Koormann-Lisa-Bolmer-Lara-Schultalbers-Frau-Bolmer_25-06-2017.jpg\" class=\"attachment-large size-large\" alt=\"\" srcset=\"https:\/\/tcrwharen.de\/wp-content\/uploads\/2018\/04\/Mia-Koormann-Lisa-Bolmer-Lara-Schultalbers-Frau-Bolmer_25-06-2017.jpg 279w, https:\/\/tcrwharen.de\/wp-content\/uploads\/2018\/04\/Mia-Koormann-Lisa-Bolmer-Lara-Schultalbers-Frau-Bolmer_25-06-2017-214x300.jpg 214w\" sizes=\"auto, (max-width: 279px) 100vw, 279px\" \/><\/div><\/div><\/div><\/div><div class=\"wpb_column vc_column_container\"><div class=\"vc_column-inner\"><\/div><\/div><\/div><\/div><\/section>","protected":false},"excerpt":{"rendered":"<p>Hier findet ihr Bilder aus alten Zeiten \ud83d\ude09<\/p>\n","protected":false},"author":4,"featured_media":0,"parent":759,"menu_order":1,"comment_status":"closed","ping_status":"closed","template":"","meta":{"footnotes":""},"class_list":["post-1195","page","type-page","status-publish","hentry"],"_links":{"self":[{"href":"https:\/\/tcrwharen.de\/index.php\/wp-json\/wp\/v2\/pages\/1195","targetHints":{"allow":["GET"]}}],"collection":[{"href":"https:\/\/tcrwharen.de\/index.php\/wp-json\/wp\/v2\/pages"}],"about":[{"href":"https:\/\/tcrwharen.de\/index.php\/wp-json\/wp\/v2\/types\/page"}],"author":[{"embeddable":true,"href":"https:\/\/tcrwharen.de\/index.php\/wp-json\/wp\/v2\/users\/4"}],"replies":[{"embeddable":true,"href":"https:\/\/tcrwharen.de\/index.php\/wp-json\/wp\/v2\/comments?post=1195"}],"version-history":[{"count":52,"href":"https:\/\/tcrwharen.de\/index.php\/wp-json\/wp\/v2\/pages\/1195\/revisions"}],"predecessor-version":[{"id":2183,"href":"https:\/\/tcrwharen.de\/index.php\/wp-json\/wp\/v2\/pages\/1195\/revisions\/2183"}],"up":[{"embeddable":true,"href":"https:\/\/tcrwharen.de\/index.php\/wp-json\/wp\/v2\/pages\/759"}],"wp:attachment":[{"href":"https:\/\/tcrwharen.de\/index.php\/wp-json\/wp\/v2\/media?parent=1195"}],"curies":[{"name":"wp","href":"https:\/\/api.w.org\/{rel}","templated":true}]}}